{"id":1038,"date":"2021-06-30T10:58:27","date_gmt":"2021-06-30T08:58:27","guid":{"rendered":"https:\/\/geodev.pl\/?page_id=1038"},"modified":"2026-02-27T12:31:13","modified_gmt":"2026-02-27T11:31:13","slug":"sondowanie-statyczne-cptu","status":"publish","type":"page","link":"https:\/\/sigmanto.com\/index.php\/sondowanie-statyczne-cptu\/","title":{"rendered":"Sondowanie statyczne CPTU"},"content":{"rendered":"<p>[tm_pb_section admin_label=&#8221;section&#8221;][tm_pb_row admin_label=&#8221;Row&#8221; make_fullwidth=&#8221;off&#8221; use_custom_width=&#8221;off&#8221; use_grid_padding=&#8221;on&#8221; width_unit=&#8221;on&#8221; padding_mobile=&#8221;off&#8221; custom_margin=&#8221;30px||50px|&#8221; allow_player_pause=&#8221;off&#8221; parallax=&#8221;off&#8221; parallax_method=&#8221;off&#8221; make_equal=&#8221;off&#8221; parallax_1=&#8221;off&#8221; parallax_method_1=&#8221;off&#8221; vertical_alligment_1=&#8221;start&#8221; responsive_laptop_1=&#8221;inherit&#8221; responsive_tablet_1=&#8221;inherit&#8221; responsive_phone_1=&#8221;inherit&#8221; order_laptop_1=&#8221;1&#8243; order_tablet_1=&#8221;1&#8243; order_phone_1=&#8221;1&#8243; column_padding_mobile=&#8221;on&#8221;][tm_pb_column type=&#8221;4_4&#8243;][tm_pb_text admin_label=&#8221;Text&#8221; text_orientation=&#8221;center&#8221; use_border_color=&#8221;off&#8221; border_color=&#8221;#ffffff&#8221; border_style=&#8221;solid&#8221;]<\/p>\n<h2><strong>Sondowania statyczne CPTU<\/strong><\/h2>\n<p>[\/tm_pb_text][\/tm_pb_column][\/tm_pb_row][tm_pb_row admin_label=&#8221;row&#8221;][tm_pb_column type=&#8221;2_3&#8243;][tm_pb_text admin_label=&#8221;Text&#8221; text_orientation=&#8221;left&#8221; disabled=&#8221;off&#8221; disabled_on=&#8221;off|off|off|off&#8221; use_border_color=&#8221;off&#8221; border_color=&#8221;#ffffff&#8221; border_style=&#8221;solid&#8221;]<\/p>\n<p>Badanie gruntu i jego w\u0142a\u015bciwo\u015bci wykonuje si\u0119 z r\u00f3\u017cnych powod\u00f3w. Mo\u017ce to by\u0107 budowa odpowiedniej inwestycji lub inne dzia\u0142ania. Istniej\u0105 r\u00f3\u017cne metody badania jako\u015bci i parametr\u00f3w gruntu, a jedn\u0105 z najdok\u0142adniejszych jest sondowanie statyczne CPTU.<\/p>\n<h2>Co to jest sondowanie statyczne CPTU?<\/h2>\n<p><strong>Sondowanie CPTU to jedna z podstawowych metod pomiaru parametr\u00f3w pod\u0142o\u017ca<\/strong>, stosowana w wi\u0119kszo\u015bci kraj\u00f3w Europy. Badanie to polega na sta\u0142ym wciskaniu w grunt sto\u017cka elektrycznego oraz rejestracji jego parametr\u00f3w. Sto\u017cek nale\u017cy wciska\u0107 w pod\u0142o\u017ce ze sta\u0142\u0105 pr\u0119dko\u015bci\u0105, tak, aby pr\u0119dko\u015b\u0107 wciskania utrzymywa\u0142a si\u0119 na poziomie oko\u0142o<strong> 2 centymetr\u00f3w na sekund\u0119<\/strong>. W trakcie tego ruchu zbada\u0107 mo\u017cna r\u00f3\u017cne rodzaje oporu \u2013 op\u00f3r penetracji sto\u017cka, op\u00f3r tarcia na tulei ciernej oraz ci\u015bnienie porowe.<\/p>\n<p>Ka\u017cda sonda statyczna CPTU wyposa\u017cona jest w specjalne czujniki, kt\u00f3re pozwalaj\u0105 bada\u0107 r\u00f3\u017cnego rodzaju parametry gruntu ju\u017c w trakcie wciskania sto\u017cka.<\/p>\n<p>Sondowanie statyczne<strong> jest bardzo dok\u0142adne i umo\u017cliwia zebranie wielu informacji odno\u015bnie gruntu<\/strong>, nieco inaczej ni\u017c sondowanie dynamiczne, kt\u00f3re polega, m\u00f3wi\u0105c w skr\u00f3cie, na mechanicznym wbijaniu w grunt sondy za pomoc\u0105 m\u0142ota &#8211; ma to umo\u017cliwi\u0107 jedynie badanie dynamicznego oporu, jaki stawia pod\u0142o\u017ce. Sondowanie statyczne i dynamiczne to metody od siebie r\u00f3\u017cne, jednak ka\u017cda z nich jest potrzebna i pomocna.<\/p>\n<p>Na podstawie bada\u0144 jako\u015bci gruntu wydajemy r\u00f3wnie\u017c <a href=\"\/opinie-geotechniczne\/\">opinie geotechniczne<\/a>.<\/p>\n<h2>Sondowanie CPTU \u2013 co mo\u017cemy zbada\u0107 za jego pomoc\u0105?<\/h2>\n<p><strong>Sondowanie statyczne CPTU pozwala na zbadanie r\u00f3\u017cnych parametr\u00f3w gruntu, w szczeg\u00f3lno\u015bci wytrzyma\u0142o\u015bciowych takich jak wytrzyma\u0142o\u015b\u0107 na \u015bcinanie bez odp\u0142ywu lub k\u0105t tarcia wewn\u0119trznego. <\/strong>W przypadku grunt\u00f3w niespoistych pozwala tak\u017ce okre\u015bli\u0107 stopie\u0144 ich zag\u0119szczenia, natomiast w przypadku pod\u0142o\u017ca spoistego \u2013 stopnia jego plastyczno\u015bci. Dodatkowo, badanie to pozwala na pomiar takich parametr\u00f3w jak: wsp\u00f3\u0142czynnik prekonsolidacji gruntu, modu\u0142 \u015bci\u015bliwo\u015bci (pogl\u0105dowo), czy te\u017c wsp\u00f3\u0142czynnik parcia spoczynkowego. Jest wiele innych parametr\u00f3w, kt\u00f3re sondowanie CPTU mo\u017ce wyznaczy\u0107 \u2013 sondowanie statyczne mierz\u0105 tak\u017ce wsp\u00f3\u0142czynnik filtracji gruntu w kierunku poziomym, czy modu\u0142 \u015bci\u015bliwo\u015bci. Sonda CPTU mo\u017ce wi\u0119c zmierzy\u0107 poziom jednorodno\u015bci pod\u0142o\u017ca, r\u00f3\u017cnic pomi\u0119dzy warstwami litogicznymi i stopie\u0144 skonsolidowania grunt\u00f3w spoistych. G\u0142\u00f3wnym przeznaczeniem sondy CPTU jest okre\u015blenie zmian w sztywno\u015bci pod\u0142o\u017ca i zarazem wyb\u00f3r miejsc predysponowanych do pobrania pr\u00f3b o nienaruszonej strukturze w celach bada\u0144 laboratoryjnych.<\/p>\n<p>Po wykonaniu badania za pomoc\u0105 sondy CPTU mo\u017cna ju\u017c przej\u015b\u0107 do interpretacji wynik\u00f3w, kt\u00f3ra zawiera dane jako\u015bciowe oraz ilo\u015bciowe.<\/p>\n<h2>Jakie korzy\u015bci mo\u017ce przynie\u015b\u0107 sondowanie gruntu za pomoc\u0105 techniki CPTU?<\/h2>\n<p>Sondowanie CPTU to <strong>nowoczesna metoda badania gruntu, kt\u00f3ra pozwala na bardzo dok\u0142adne zbadanie w\u0142a\u015bciwo\u015bci gruntu<\/strong>. Ka\u017cdy grunt ma inn\u0105 sp\u00f3jno\u015b\u0107 (tarcie na pobocznicy) oraz stawia inny op\u00f3r sto\u017ckowi co przy sondowaniu CPTU jest stosunkowo proste w zbadaniu. R\u00f3wnie wa\u017cne s\u0105 tak\u017ce <strong>dane odno\u015bnie poziomu zwierciad\u0142a wody gruntowej<\/strong>, kt\u00f3ry r\u00f3wnie\u017c sondowanie CPTU pomo\u017ce zbada\u0107 za pomoc\u0105 membrany ci\u015bnienia w porach gruntu. Za pomoc\u0105 tej metody mo\u017cna sprawdzi\u0107 charakter poziomu wodono\u015bnego m.in. czy jest on naporowy oraz oszacowa\u0107 jego g\u0142\u0119boko\u015b\u0107 stabilizacji. Wszystkie te parametry nie mog\u0142yby zosta\u0107 zbadane bez szczeg\u00f3\u0142owej techniki i wyj\u0105tkowej dok\u0142adno\u015bci sondy CPTU, u\u017cywanej do badania gruntu w tej technice. Dla okre\u015blania ci\u015bnie\u0144 porowych w gruncie proponowana jest tak\u017ce sonda BAT.<\/p>\n<p>[\/tm_pb_text][\/tm_pb_column][tm_pb_column type=&quot;1_3&quot;][tm_pb_image admin_label=&quot;Image&quot; show_in_lightbox=&quot;on&quot; url_new_window=&quot;off&quot; use_overlay=&quot;off&quot; animation=&quot;left&quot; sticky=&quot;off&quot; align=&quot;left&quot; force_fullwidth=&quot;off&quot; always_center_on_mobile=&quot;on&quot; use_border_color=&quot;off&quot; border_color=&quot;#ffffff&quot; border_style=&quot;solid&quot; custom_margin=&quot;100px|||&quot; src=&quot;https:\/\/sigmanto.com\/wp-content\/uploads\/2021\/07\/IMG_1044-1-%E2%80%94-kopia.jpg&quot; alt=&quot;sondowanie statyczne&quot;] [\/tm_pb_image][tm_pb_image admin_label=&quot;Image&quot; src=&quot;https:\/\/sigmanto.com\/wp-content\/uploads\/2021\/07\/sondowanie-CPTU-scaled.jpg&quot; show_in_lightbox=&quot;off&quot; url_new_window=&quot;off&quot; use_overlay=&quot;off&quot; animation=&quot;left&quot; sticky=&quot;off&quot; align=&quot;left&quot; force_fullwidth=&quot;off&quot; always_center_on_mobile=&quot;on&quot; use_border_color=&quot;off&quot; border_color=&quot;#ffffff&quot; border_style=&quot;solid&quot; custom_margin=&quot;10px|||&quot; alt=&quot;sondowanie CPTU&quot;] [\/tm_pb_image][\/tm_pb_column][\/tm_pb_row][tm_pb_row admin_label=&quot;Row&quot; make_fullwidth=&quot;off&quot; use_custom_width=&quot;off&quot; use_grid_padding=&quot;on&quot; width_unit=&quot;on&quot; padding_mobile=&quot;off&quot; custom_margin=&quot;50px|||&quot; allow_player_pause=&quot;off&quot; parallax=&quot;off&quot; parallax_method=&quot;off&quot; make_equal=&quot;off&quot; parallax_1=&quot;off&quot; parallax_method_1=&quot;off&quot; vertical_alligment_1=&quot;start&quot; responsive_laptop_1=&quot;inherit&quot; responsive_tablet_1=&quot;inherit&quot; responsive_phone_1=&quot;inherit&quot; order_laptop_1=&quot;1&quot; order_tablet_1=&quot;1&quot; order_phone_1=&quot;1&quot; column_padding_mobile=&quot;on&quot;][tm_pb_column type=&quot;4_4&quot;][tm_pb_button admin_label=&quot;Button&quot; button_url=&quot;\/kontakt&quot; url_new_window=&quot;on&quot; button_text=&quot;Skontaktuj si\u0119 z nami!&quot; button_alignment=&quot;left&quot; custom_button=&quot;on&quot; button_letter_spacing=&quot;0&quot; button_use_icon=&quot;default&quot; button_icon_placement=&quot;right&quot; button_on_hover=&quot;on&quot; button_letter_spacing_hover=&quot;0&quot; button_text_size=&quot;25&quot;] [\/tm_pb_button][\/tm_pb_column][\/tm_pb_row][tm_pb_row admin_label=&quot;Row&quot;][\/tm_pb_row][\/tm_pb_section]<\/p>\n","protected":false},"excerpt":{"rendered":"<p>[tm_pb_section admin_label=&#8221;section&#8221;][tm_pb_row admin_label=&#8221;Row&#8221; make_fullwidth=&#8221;off&#8221; use_custom_width=&#8221;off&#8221; use_grid_padding=&#8221;on&#8221; width_unit=&#8221;on&#8221; padding_mobile=&#8221;off&#8221; custom_margin=&#8221;30px||50px|&#8221; allow_player_pause=&#8221;off&#8221; parallax=&#8221;off&#8221; parallax_method=&#8221;off&#8221; make_equal=&#8221;off&#8221; parallax_1=&#8221;off&#8221; parallax_method_1=&#8221;off&#8221; vertical_alligment_1=&#8221;start&#8221; responsive_laptop_1=&#8221;inherit&#8221; responsive_tablet_1=&#8221;inherit&#8221; responsive_phone_1=&#8221;inherit&#8221; order_laptop_1=&#8221;1&#8243; order_tablet_1=&#8221;1&#8243; order_phone_1=&#8221;1&#8243; column_padding_mobile=&#8221;on&#8221;][tm_pb_column type=&#8221;4_4&#8243;][tm_pb_text admin_label=&#8221;Text&#8221; text_orientation=&#8221;center&#8221; use_border_color=&#8221;off&#8221; border_color=&#8221;#ffffff&#8221; border_style=&#8221;solid&#8221;] Sondowania statyczne CPTU [\/tm_pb_text][\/tm_pb_column][\/tm_pb_row][tm_pb_row admin_label=&#8221;row&#8221;][tm_pb_column type=&#8221;2_3&#8243;][tm_pb_text admin_label=&#8221;Text&#8221; text_orientation=&#8221;left&#8221; disabled=&#8221;off&#8221; disabled_on=&#8221;off|off|off|off&#8221; use_border_color=&#8221;off&#8221; border_color=&#8221;#ffffff&#8221; border_style=&#8221;solid&#8221;] Badanie gruntu i jego w\u0142a\u015bciwo\u015bci wykonuje si\u0119 z r\u00f3\u017cnych powod\u00f3w. Mo\u017ce to by\u0107 [&hellip;]<\/p>\n","protected":false},"author":1,"featured_media":0,"parent":0,"menu_order":0,"comment_status":"closed","ping_status":"closed","template":"","meta":{"footnotes":""},"class_list":["post-1038","page","type-page","status-publish","hentry"],"_links":{"self":[{"href":"https:\/\/sigmanto.com\/index.php\/wp-json\/wp\/v2\/pages\/1038","targetHints":{"allow":["GET"]}}],"collection":[{"href":"https:\/\/sigmanto.com\/index.php\/wp-json\/wp\/v2\/pages"}],"about":[{"href":"https:\/\/sigmanto.com\/index.php\/wp-json\/wp\/v2\/types\/page"}],"author":[{"embeddable":true,"href":"https:\/\/sigmanto.com\/index.php\/wp-json\/wp\/v2\/users\/1"}],"replies":[{"embeddable":true,"href":"https:\/\/sigmanto.com\/index.php\/wp-json\/wp\/v2\/comments?post=1038"}],"version-history":[{"count":1,"href":"https:\/\/sigmanto.com\/index.php\/wp-json\/wp\/v2\/pages\/1038\/revisions"}],"predecessor-version":[{"id":1845,"href":"https:\/\/sigmanto.com\/index.php\/wp-json\/wp\/v2\/pages\/1038\/revisions\/1845"}],"wp:attachment":[{"href":"https:\/\/sigmanto.com\/index.php\/wp-json\/wp\/v2\/media?parent=1038"}],"curies":[{"name":"wp","href":"https:\/\/api.w.org\/{rel}","templated":true}]}}