{"id":1043,"date":"2021-06-30T11:22:58","date_gmt":"2021-06-30T09:22:58","guid":{"rendered":"https:\/\/geodev.pl\/?page_id=1043"},"modified":"2026-02-27T12:31:12","modified_gmt":"2026-02-27T11:31:12","slug":"odwierty-geotechniczne-i-geologiczne","status":"publish","type":"page","link":"https:\/\/sigmanto.com\/index.php\/odwierty-geotechniczne-i-geologiczne\/","title":{"rendered":"Odwierty geotechniczne i geologiczne, piezometry, inklinometry"},"content":{"rendered":"<p>[tm_pb_section admin_label=&#8221;section&#8221;][tm_pb_row admin_label=&#8221;Row&#8221; make_fullwidth=&#8221;off&#8221; use_custom_width=&#8221;off&#8221; use_grid_padding=&#8221;on&#8221; width_unit=&#8221;on&#8221; padding_mobile=&#8221;off&#8221; custom_margin=&#8221;30px||50px|&#8221; allow_player_pause=&#8221;off&#8221; parallax=&#8221;off&#8221; parallax_method=&#8221;off&#8221; make_equal=&#8221;off&#8221; parallax_1=&#8221;off&#8221; parallax_method_1=&#8221;off&#8221; vertical_alligment_1=&#8221;start&#8221; responsive_laptop_1=&#8221;inherit&#8221; responsive_tablet_1=&#8221;inherit&#8221; responsive_phone_1=&#8221;inherit&#8221; order_laptop_1=&#8221;1&#8243; order_tablet_1=&#8221;1&#8243; order_phone_1=&#8221;1&#8243; column_padding_mobile=&#8221;on&#8221;][tm_pb_column type=&#8221;4_4&#8243;][tm_pb_text admin_label=&#8221;Text&#8221; text_orientation=&#8221;center&#8221; use_border_color=&#8221;off&#8221; border_color=&#8221;#ffffff&#8221; border_style=&#8221;solid&#8221;]<\/p>\n<h2><strong>Wiercenia geotechniczne i geologiczne, piezometry oraz inklinometry<\/strong><\/h2>\n<p>[\/tm_pb_text][\/tm_pb_column][\/tm_pb_row][tm_pb_row admin_label=&#8221;row&#8221;][tm_pb_column type=&#8221;2_3&#8243;][tm_pb_text admin_label=&#8221;Text&#8221; text_orientation=&#8221;left&#8221; disabled=&#8221;off&#8221; disabled_on=&#8221;off|off|off|off&#8221; use_border_color=&#8221;off&#8221; border_color=&#8221;#ffffff&#8221; border_style=&#8221;solid&#8221;]<\/p>\n<p>Odwierty geologiczne i geotechniczne s\u0105 tym samym zadaniem realizowanym przez nasz\u0105 firm\u0119, dlatego ich nazwy stosowane s\u0105 zamiennie.<\/p>\n<h2>Czym s\u0105 odwierty geologiczne?<\/h2>\n<p>Wykonanie odwiertu geotechnicznego jest niezb\u0119dnym etapem opracowywania dokumentacji zwi\u0105zanej z okre\u015bleniem warunk\u00f3w gruntowo-hydrologicznych, takim jak <a href=\"\/opinie-geotechniczne\/\">opinia geotechniczna<\/a>. Dzi\u0119ki wykonaniu wierce\u0144 w pod\u0142o\u017cu mo\u017cliwe jest pobranie pr\u00f3bek do bada\u0144 laboratoryjnych oraz przekazanie profilu geologicznego gruntu w celach interpretacji <a href=\"\/badania-polowe-gruntow\/\">bada\u0144 polowych gruntu<\/a>. Odwiert mo\u017cna wykona\u0107 przed zakupem dzia\u0142ki, by oceni\u0107 jej przydatno\u015b\u0107 pod planowan\u0105 inwestycj\u0119 oraz oszacowa\u0107 jej koszty, jak i po kupnie, ale przed wykonaniem planu zabudowy, dzi\u0119ki czemu mo\u017cliwe b\u0119dzie dostosowanie go do warunk\u00f3w gruntowych oraz zaprojektowanie bezpiecznego w posadawianiu i eksploatacji obiektu.<\/p>\n<h2>Jakimi metodami wykonuje si\u0119 wiercenia geologiczne?<\/h2>\n<p>Odwierty geotechniczne mog\u0105 by\u0107 wykonywane <strong>metod\u0105 mechaniczn\u0105<\/strong> oraz <strong>r\u0119czn\u0105<\/strong>. Pierwsza z nich jest wykorzystywana cz\u0119\u015bciej, co wynika g\u0142\u00f3wnie ze wzgl\u0119d\u00f3w finansowych oraz technologicznych. Odwiert geotechniczny sposobem mechanicznym mo\u017ce by\u0107 wykonany <strong>metod\u0105 udarow\u0105 oraz obrotow\u0105<\/strong>, kt\u00f3ra pozwala na uzyskanie lepszej jako\u015bci pr\u00f3bek oraz odwiertu pozwalaj\u0105cego na dok\u0142adniejsze oszacowanie parametr\u00f3w gruntu. Jest przy tym tak\u017ce bardzo korzystnym finansowo sposobem. Dob\u00f3r sprz\u0119tu dopasowywany jest do potrzeb oraz warunk\u00f3w gruntowych. Otw\u00f3r wykonany przy ich u\u017cyciu mo\u017ce by\u0107 dodatkowo zarurowany, co stosowane jest, gdy potrzebna jest <a href=\"\/pobor-prob-nns\/\">pr\u00f3bka NNS<\/a>. Druga z metod mechanicznych \u2013 udarowa jest coraz rzadziej stosowana. Metoda ta wymaga systematycznego usuwania urobku z otworu. Wiercenie r\u0119czne najcz\u0119\u015bciej wykonywane jest w sypkich i mi\u0119kkich gruntach. Jest bardzo rzadko stosowane, gdy\u017c jest ma\u0142o op\u0142acalne ekonomiczno-technologicznie i ci\u0119\u017ckie w zastosowaniu.<\/p>\n<h2>W jakim celu wykonuje si\u0119 odwierty geotechniczne?<\/h2>\n<p>Wiercenia geotechniczne oraz zwi\u0105zane z nimi badania umo\u017cliwiaj\u0105 <strong>zakwalifikowanie danego obszaru do okre\u015blonej kategorii geotechnicznej<\/strong>. Pozwalaj\u0105 one na bardzo dok\u0142adne okre\u015blenie poziomu w\u00f3d gruntowych, rodzaju i wilgotno\u015bci grunt\u00f3w pod posadawianie obiektu, a tak\u017ce jego wst\u0119pnej no\u015bno\u015bci. W zwi\u0105zku z tym wiercenia geologiczne <strong>pozwalaj\u0105 oszacowa\u0107 ryzyko<\/strong> np. mo\u017cliwo\u015bci ewentualnego zawalenia si\u0119 danej konstrukcji, zapadania si\u0119 grunt\u00f3w, a co za tym idzie fundament\u00f3w, a tak\u017ce zastosowania odpowiednich rozwi\u0105za\u0144 podczas projektowania obiektu, by m\u00f3c zmniejszy\u0107 prawdopodobie\u0144stwo wyst\u0105pienia szk\u00f3d w czasie jego eksploatacji. Warto podkre\u015bli\u0107, \u017ce materia\u0142 pozyskiwany podczas wykonywania odwiert\u00f3w geologicznych mo\u017ce zosta\u0107 wykorzystany do bardziej szczeg\u00f3\u0142owych bada\u0144. Nam s\u0142u\u017c\u0105 one w szczeg\u00f3lno\u015bci do okre\u015blania rodzaju gruntu, a nast\u0119pnie profil jest uzupe\u0142niany wynikami sondowa\u0144 statycznych CPTU. Co wa\u017cne wykonanie odwiert\u00f3w zlecane jest r\u00f3wnie\u017c m.in. w przypadku poszukiwania z\u0142\u00f3\u017c surowc\u00f3w mineralnych, w\u00f3d g\u0142\u0119binowych oraz na potrzeby bada\u0144 maj\u0105cych na celu okre\u015blenie przesz\u0142o\u015bci geologicznej danego obszaru.<\/p>\n<h2>Odwierty geologiczne \u2013 cena<\/h2>\n<p>Odwierty geologiczne pod budow\u0119 domu oraz posadawianie innych budowli i obiekt\u00f3w mog\u0105 mie\u0107 zr\u00f3\u017cnicowan\u0105 cen\u0119. Koszty zazwyczaj zaczynaj\u0105 si\u0119 od 1500 z\u0142 dla niepodpiwniczonego domku jednorodzinny, jednak prosimy, by w kwestii dok\u0142adnej <a href=\"\/kontakt\/\">wyceny odwiert\u00f3w geotechnicznych<\/a> kontaktowa\u0107 si\u0119 z nami indywidualnie, poniewa\u017c wp\u0142ywa na ni\u0105 wiele czynnik\u00f3w m.in. ich g\u0142\u0119boko\u015b\u0107 oraz ilo\u015b\u0107. Pod uwag\u0119 nale\u017cy bra\u0107 tak\u017ce zakres przeprowadzanych bada\u0144 np. <a href=\"\/sondowanie-statyczne-cptu\/\">sondowanie statyczne CPTU<\/a> b\u0105d\u017a laboratoryjne.<\/p>\n<h2>Odwierty geologiczne \u2013 \u015al\u0105sk, dlaczego warto wybra\u0107 GEOdev?<\/h2>\n<p>Decyduj\u0105c si\u0119 na posadowienie budowli na \u015al\u0105sku wato pami\u0119ta\u0107, \u017ce jest to region o bardzo zr\u00f3\u017cnicowanych warunkach gruntowych. Zazwyczaj wymagaj\u0105 one kompletnych bada\u0144 geologiczno-in\u017cynierskich, kt\u00f3re posiadamy w ofercie. Dodatkowo dysponujemy profesjonalnym sprz\u0119tem, wiedz\u0105 i do\u015bwiadczeniem, kt\u00f3re pozwalaj\u0105 nam na rzetelne i szczeg\u00f3\u0142owe przeprowadzenie niezb\u0119dnych bada\u0144, a nast\u0119pnie sporz\u0105dzenie rzetelnej dokumentacji. Wsp\u00f3\u0142pracujemy z innymi przedsi\u0119biorstwami \u015bwiadcz\u0105cymi us\u0142ugi geologiczne i geotechniczne, a tak\u017ce specjalistycznymi laboratoriami, dlatego firma GEOdev to \u015bwietny wyb\u00f3r, je\u017celi chodzi o wykonanie odwiert\u00f3w geologicznych m.in. na terenie \u015al\u0105ska.<\/p>\n<p>&nbsp;<\/p>\n<h2>W jakim celu wykonuje si\u0119 piezometry?<\/h2>\n<p>Piezometry to niewielkich rozmiar\u00f3w instalacje pomiarowe r\u00f3\u017cni\u0105ce si\u0119 od studni przeznaczeniem i rozmiarem. Wykorzystuje si\u0119 je w celu pomiar\u00f3w waha\u0144 zwierciad\u0142a w\u00f3d gruntowych, ustalania parametr\u00f3w przepuszczalno\u015bci gruntu lub wydajno\u015bci warstwy wodono\u015bnej. Szczeg\u00f3lnie istotny jest ich monta\u017c przed budow\u0105, gdy poziom posadowienia jest na granicy warstw wodono\u015bnych. Dodatkowo piezometr umo\u017cliwia pob\u00f3r wody gruntowej do bada\u0144 fizykochemicznych lub zanieczyszcze\u0144. Piezometr posiada denko g\u00f3rne, rury nadfiltrowe i podfiltrowe, rury filtrowe i denko dolne zwykle wykonane z trwa\u0142ego tworzywa PVC.<\/p>\n<p>&nbsp;<\/p>\n<h2>Kiedy zainstalowa\u0107 na dzia\u0142ce inklinometr?<\/h2>\n<p>Inklinometr to urz\u0105dzenie, kt\u00f3re sposobem wykonania przypomina piezometr i jest wykonana z tworzywa PVC. R\u00f3\u017cnica jest taka, \u017ce w przypadku inklinometru nie montuje si\u0119 rur filtrowych, a rur nie obsypuje si\u0119 specjaln\u0105 obsypk\u0105 filtracyjn\u0105, a np. zaczynem cementowym, kt\u00f3ry ma spowodowa\u0107 stabilizacj\u0119 piezometru w g\u00f3rotworze. Ka\u017cda z rur posiada dwie specjalne fazy obr\u00f3cone wzgl\u0119dem siebie o 90 stopni, kt\u00f3re umo\u017cliwiaj\u0105 wsuni\u0119cie specjalnego urz\u0105dzenia pomiarowego mierz\u0105cego skrzywienie rury. W\u0142a\u015bnie ten pomiar jest szczeg\u00f3lnie przydatny w przypadku lokalizacji obiektu budowlanego na osuwisku. Wzrost przemieszcze\u0144 \u015bwiadczy o ruchach masowych, a u\u0142o\u017cenie faz pozwala okre\u015bli\u0107 ich kierunek. Reasumuj\u0105c, inklinometry montuje si\u0119 na osuwiskach lub skarpach, kt\u00f3re s\u0105 zagro\u017cone utrat\u0105 stateczno\u015bci zbocza. Takie badanie wykonuje si\u0119 systematycznie co np. miesi\u0105c co pozwala zawczasu zareagowa\u0107 i wdro\u017cy\u0107 plan naprawczy.<\/p>\n<p>[\/tm_pb_text][\/tm_pb_column][tm_pb_column type=&quot;1_3&quot;][tm_pb_image admin_label=&quot;Image&quot; show_in_lightbox=&quot;on&quot; url_new_window=&quot;off&quot; use_overlay=&quot;off&quot; animation=&quot;left&quot; sticky=&quot;off&quot; align=&quot;left&quot; force_fullwidth=&quot;off&quot; always_center_on_mobile=&quot;on&quot; use_border_color=&quot;off&quot; border_color=&quot;#ffffff&quot; border_style=&quot;solid&quot; custom_margin=&quot;100px|||&quot; src=&quot;https:\/\/sigmanto.com\/wp-content\/uploads\/2021\/07\/wiercenie-geotechniczne-scaled.jpg%22] [\/tm_pb_image][tm_pb_image admin_label=&quot;Image&quot; show_in_lightbox=&quot;on&quot; url_new_window=&quot;off&quot; use_overlay=&quot;off&quot; animation=&quot;left&quot; sticky=&quot;off&quot; align=&quot;left&quot; force_fullwidth=&quot;off&quot; always_center_on_mobile=&quot;on&quot; use_border_color=&quot;off&quot; border_color=&quot;#ffffff&quot; border_style=&quot;solid&quot; custom_margin=&quot;100px|||&quot; src=&quot;https:\/\/sigmanto.com\/wp-content\/uploads\/2024\/11\/IMG_3049-1-scaled.jpeg%22] [\/tm_pb_image][tm_pb_image admin_label=&quot;Image&quot; show_in_lightbox=&quot;on&quot; url_new_window=&quot;off&quot; use_overlay=&quot;off&quot; animation=&quot;left&quot; sticky=&quot;off&quot; align=&quot;left&quot; force_fullwidth=&quot;off&quot; always_center_on_mobile=&quot;on&quot; use_border_color=&quot;off&quot; border_color=&quot;#ffffff&quot; border_style=&quot;solid&quot; custom_margin=&quot;100px|||&quot; src=&quot;https:\/\/sigmanto.com\/wp-content\/uploads\/2024\/11\/IMG_3198-scaled.jpg%22] [\/tm_pb_image][\/tm_pb_column][\/tm_pb_row][tm_pb_row admin_label=&quot;Row&quot; make_fullwidth=&quot;off&quot; use_custom_width=&quot;off&quot; use_grid_padding=&quot;on&quot; width_unit=&quot;on&quot; padding_mobile=&quot;off&quot; custom_margin=&quot;50px|||&quot; allow_player_pause=&quot;off&quot; parallax=&quot;off&quot; parallax_method=&quot;off&quot; make_equal=&quot;off&quot; parallax_1=&quot;off&quot; parallax_method_1=&quot;off&quot; vertical_alligment_1=&quot;start&quot; responsive_laptop_1=&quot;inherit&quot; responsive_tablet_1=&quot;inherit&quot; responsive_phone_1=&quot;inherit&quot; order_laptop_1=&quot;1&quot; order_tablet_1=&quot;1&quot; order_phone_1=&quot;1&quot; column_padding_mobile=&quot;on&quot;][tm_pb_column type=&quot;4_4&quot;][tm_pb_button admin_label=&quot;Button&quot; button_url=&quot;\/kontakt&quot; url_new_window=&quot;on&quot; button_text=&quot;Sprawd\u017a, ile kosztuj\u0105 odwierty geotechniczne&quot; button_alignment=&quot;left&quot; custom_button=&quot;on&quot; button_letter_spacing=&quot;0&quot; button_use_icon=&quot;default&quot; button_icon_placement=&quot;right&quot; button_on_hover=&quot;on&quot; button_letter_spacing_hover=&quot;0&quot; button_text_size=&quot;25&quot;] [\/tm_pb_button][\/tm_pb_column][\/tm_pb_row][tm_pb_row admin_label=&quot;Row&quot;][\/tm_pb_row][\/tm_pb_section]<\/p>\n","protected":false},"excerpt":{"rendered":"<p>[tm_pb_section admin_label=&#8221;section&#8221;][tm_pb_row admin_label=&#8221;Row&#8221; make_fullwidth=&#8221;off&#8221; use_custom_width=&#8221;off&#8221; use_grid_padding=&#8221;on&#8221; width_unit=&#8221;on&#8221; padding_mobile=&#8221;off&#8221; custom_margin=&#8221;30px||50px|&#8221; allow_player_pause=&#8221;off&#8221; parallax=&#8221;off&#8221; parallax_method=&#8221;off&#8221; make_equal=&#8221;off&#8221; parallax_1=&#8221;off&#8221; parallax_method_1=&#8221;off&#8221; vertical_alligment_1=&#8221;start&#8221; responsive_laptop_1=&#8221;inherit&#8221; responsive_tablet_1=&#8221;inherit&#8221; responsive_phone_1=&#8221;inherit&#8221; order_laptop_1=&#8221;1&#8243; order_tablet_1=&#8221;1&#8243; order_phone_1=&#8221;1&#8243; column_padding_mobile=&#8221;on&#8221;][tm_pb_column type=&#8221;4_4&#8243;][tm_pb_text admin_label=&#8221;Text&#8221; text_orientation=&#8221;center&#8221; use_border_color=&#8221;off&#8221; border_color=&#8221;#ffffff&#8221; border_style=&#8221;solid&#8221;] Wiercenia geotechniczne i geologiczne, piezometry oraz inklinometry [\/tm_pb_text][\/tm_pb_column][\/tm_pb_row][tm_pb_row admin_label=&#8221;row&#8221;][tm_pb_column type=&#8221;2_3&#8243;][tm_pb_text admin_label=&#8221;Text&#8221; text_orientation=&#8221;left&#8221; disabled=&#8221;off&#8221; disabled_on=&#8221;off|off|off|off&#8221; use_border_color=&#8221;off&#8221; border_color=&#8221;#ffffff&#8221; border_style=&#8221;solid&#8221;] Odwierty geologiczne i geotechniczne s\u0105 tym samym zadaniem realizowanym [&hellip;]<\/p>\n","protected":false},"author":1,"featured_media":0,"parent":0,"menu_order":0,"comment_status":"closed","ping_status":"closed","template":"","meta":{"footnotes":""},"class_list":["post-1043","page","type-page","status-publish","hentry"],"_links":{"self":[{"href":"https:\/\/sigmanto.com\/index.php\/wp-json\/wp\/v2\/pages\/1043","targetHints":{"allow":["GET"]}}],"collection":[{"href":"https:\/\/sigmanto.com\/index.php\/wp-json\/wp\/v2\/pages"}],"about":[{"href":"https:\/\/sigmanto.com\/index.php\/wp-json\/wp\/v2\/types\/page"}],"author":[{"embeddable":true,"href":"https:\/\/sigmanto.com\/index.php\/wp-json\/wp\/v2\/users\/1"}],"replies":[{"embeddable":true,"href":"https:\/\/sigmanto.com\/index.php\/wp-json\/wp\/v2\/comments?post=1043"}],"version-history":[{"count":1,"href":"https:\/\/sigmanto.com\/index.php\/wp-json\/wp\/v2\/pages\/1043\/revisions"}],"predecessor-version":[{"id":1835,"href":"https:\/\/sigmanto.com\/index.php\/wp-json\/wp\/v2\/pages\/1043\/revisions\/1835"}],"wp:attachment":[{"href":"https:\/\/sigmanto.com\/index.php\/wp-json\/wp\/v2\/media?parent=1043"}],"curies":[{"name":"wp","href":"https:\/\/api.w.org\/{rel}","templated":true}]}}