{"id":1047,"date":"2021-06-30T11:40:09","date_gmt":"2021-06-30T09:40:09","guid":{"rendered":"https:\/\/geodev.pl\/?page_id=1047"},"modified":"2026-02-27T12:31:12","modified_gmt":"2026-02-27T11:31:12","slug":"badania-dylatometryczne-dmt","status":"publish","type":"page","link":"https:\/\/sigmanto.com\/index.php\/badania-dylatometryczne-dmt\/","title":{"rendered":"Badania dylatometryczne DMT, SDMT i SPDMT"},"content":{"rendered":"<p>[tm_pb_section admin_label=&#8221;section&#8221;][tm_pb_row admin_label=&#8221;Row&#8221; make_fullwidth=&#8221;off&#8221; use_custom_width=&#8221;off&#8221; use_grid_padding=&#8221;on&#8221; width_unit=&#8221;on&#8221; padding_mobile=&#8221;off&#8221; custom_margin=&#8221;30px||50px|&#8221; allow_player_pause=&#8221;off&#8221; parallax=&#8221;off&#8221; parallax_method=&#8221;off&#8221; make_equal=&#8221;off&#8221; parallax_1=&#8221;off&#8221; parallax_method_1=&#8221;off&#8221; vertical_alligment_1=&#8221;start&#8221; responsive_laptop_1=&#8221;inherit&#8221; responsive_tablet_1=&#8221;inherit&#8221; responsive_phone_1=&#8221;inherit&#8221; order_laptop_1=&#8221;1&#8243; order_tablet_1=&#8221;1&#8243; order_phone_1=&#8221;1&#8243; column_padding_mobile=&#8221;on&#8221;][tm_pb_column type=&#8221;4_4&#8243;][tm_pb_text admin_label=&#8221;Text&#8221; text_orientation=&#8221;center&#8221; use_border_color=&#8221;off&#8221; border_color=&#8221;#ffffff&#8221; border_style=&#8221;solid&#8221;]<\/p>\n<h2><strong>Badania dylatometryczne DMT, SDMT i SPDMT<\/strong><\/h2>\n<p>[\/tm_pb_text][\/tm_pb_column][\/tm_pb_row][tm_pb_row admin_label=&#8221;row&#8221;][tm_pb_column type=&#8221;2_3&#8243;][tm_pb_text admin_label=&#8221;Text&#8221; text_orientation=&#8221;left&#8221; disabled=&#8221;off&#8221; disabled_on=&#8221;off|off|off|off&#8221; use_border_color=&#8221;off&#8221; border_color=&#8221;#ffffff&#8221; border_style=&#8221;solid&#8221;]<\/p>\n<h2>Czym s\u0105 badania dylatometryczne DMT?<\/h2>\n<p>W\u015br\u00f3d wszystkich bada\u0144 pod\u0142o\u017ca gruntowego, czyli <a href=\"\/badania-polowe-gruntow\/\">bada\u0144 polowych grunt\u00f3w<\/a>, badania dylatometryczne nale\u017c\u0105 do najdok\u0142adniejszych. Inne popularne badania to np. <a href=\"\/sondowanie-statyczne-cptu\/\">sondowanie statyczne CPTU<\/a>, czy <a href=\"\/pobor-prob-nns\/\">pob\u00f3r pr\u00f3b NNS<\/a>. Dzi\u0119ki nim mo\u017cliwe jest wyznaczenie w\u0142a\u015bciwo\u015bci wytrzyma\u0142o\u015bciowych i odkszta\u0142ceniowych gruntu. Jest to szczeg\u00f3lnie wa\u017cne w przypadku grunt\u00f3w s\u0142abono\u015bnych, a tak\u017ce w przypadku realizacji du\u017cych inwestycji budowlanych, kt\u00f3re mog\u0105 mie\u0107 wp\u0142yw na powstanie znacznych odkszta\u0142ce\u0144 gruntu. Najcz\u0119\u015bciej metod\u0105 t\u0105<strong> badane s\u0105 grunty organiczne, plastyczne py\u0142y<\/strong>, ale nie tylko, gdy\u017c mo\u017cna j\u0105 zastosowa\u0107 z powodzeniem <strong>do wi\u0119kszo\u015bci rodzaj\u00f3w grunt\u00f3w.<\/strong> Przeprowadzenie badania z u\u017cyciem DMT jest konieczne przy projektowaniu takich obiekt\u00f3w, jak mosty, posadowienie obudowy g\u0142\u0119bokich wykop\u00f3w, \u015bcian oporowych czy dla pozosta\u0142ych obiekt\u00f3w, dla kt\u00f3rych najwa\u017cniejszy jest pomiar odkszta\u0142cenia gruntu. Wyniki przeprowadzonych bada\u0144 stosuje si\u0119 do pozyskiwania informacji na temat stanu napr\u0119\u017cenia gruntu, jego stratygrafii, w\u0142a\u015bciwo\u015bci odkszta\u0142ceniowych i wytrzyma\u0142o\u015bci na \u015bcinanie.<\/p>\n<h2>Badania dylatometryczne SDMT i SPDMT z pomiarami propagacji fal sejsmicznych Vs i Vp<\/h2>\n<p>Nasz modu\u0142 sejsmiczny umo\u017cliwia opcjonalnie wykonywanie podczas tradycyjnych pomiar\u00f3w DMT tak\u017ce pomiary pr\u0119dko\u015bci fal sejsmicznych poprzecznych Vs i pod\u0142u\u017cnych Vp. Powy\u017csze pomiary pozwalaj\u0105 przy znajomo\u015bci ci\u0119\u017caru gruntu oraz wsp\u00f3\u0142czynnika Poissona wyznaczy\u0107 modu\u0142y w zakresie ma\u0142ych odkszta\u0142ce\u0144 (G0, E0), przy za\u0142o\u017ceniu spr\u0119\u017cysto\u015bci pod\u0142o\u017ca (<a href=\"https:\/\/sigmanto.com\/dlaczego-warto-wykonac-badania-sejsmiczne-spdmt\/\">wi\u0119cej<\/a>). S\u0105 one szczeg\u00f3lnie po\u017c\u0105dane w przypadku oblicze\u0144 posadowienia obiekt\u00f3w zaawansowanymi metodami numerycznymi MES. Wykonanie pomiar\u00f3w fal poprzecznych Vs, pomiar\u00f3w dylatometrem DMT, sondowa\u0144 CPTU oraz bada\u0144 edometrycznych i tr\u00f3josiowych TX pozwala wyznaczy\u0107 krzyw\u0105 degradacji gruntu.&nbsp; Takie pe\u0142ne rozwi\u0105zania na og\u00f3\u0142 stosuje si\u0119 dla skomplikowanych konstrukcji lub warunk\u00f3w gruntowych, lecz wykonanie ju\u017c cz\u0119\u015bci z tych bada\u0144 (szczeg\u00f3lnie znacznie ta\u0144szych i szybszych sondowa\u0144) pozwala wyznaczy\u0107 parametry, kt\u00f3re pozwol\u0105 znacz\u0105co obni\u017cy\u0107 koszty posadowienia lub optymalizowa\u0107 konstrukcj\u0119.<\/p>\n<p>&nbsp;<\/p>\n<p>Wykonywanie pomiar\u00f3w pr\u0119dko\u015bci propagacji fal pod\u0142u\u017cnych Vp pozwala na wyznaczenie strefy pe\u0142nego nasycenia por\u00f3w gruntu (Sr~1). Takie pomiary pozwalaj\u0105 okre\u015bli\u0107 g\u0142\u0119boko\u015b\u0107 zaj\u015bcia poszczeg\u00f3lnych warunk\u00f3w (z odp\u0142ywem lub bez odp\u0142ywu), szczeg\u00f3lnie, \u017ce nie musz\u0105 si\u0119 one korelowa\u0107 z g\u0142\u0119boko\u015bci\u0105 ci\u015bnienia hydrostatycznego.<\/p>\n<p>&nbsp;<\/p>\n<p>Dlaczego piszemy o tym w zak\u0142adce o pomiarach dylatometrycznych? Pomiary fal sejsmicznych wymagaj\u0105 pe\u0142nego zatrzymania pog\u0142\u0119biania kolumny \u017cerdzi, podobnie jak badania dylatometryczne DMT. Pod wzgl\u0119dem zasad wykonywania badania CPTU s\u0105 dok\u0142adnym przeciwie\u0144stwem (wymagaj\u0105 sta\u0142ego pog\u0142\u0119biania sto\u017cka), poza wymian\u0105 \u017cerdzi lub testami dyssypacji. Zatrzymywanie sondowania SCPTU lub SPCPTU w celu wykonywania pomiar\u00f3w sejsmicznych mo\u017ce prowadzi\u0107 do tzw. peak\u00f3w oporu sto\u017cka na tych g\u0142\u0119boko\u015bciach oraz sta\u0142ego rozpraszania ci\u015bnienia porowego. W bardziej drastycznych przypadkach presja czasu ci\u0105\u017c\u0105ca na operatorze mo\u017ce doprowadzi\u0107 do b\u0142\u0119d\u00f3w pomiarowych fal sejsmicznych np. nie zauwa\u017caj\u0105c b\u0142\u0119d\u00f3w. To dlatego warto badania te wykonywa\u0107 podczas bada\u0144 dylatometrem DMT.&nbsp;<\/p>\n<p>Nasz modu\u0142 posiada wbudowane cztery czujniki (dwa dla fal Vs oraz dwa dla Vp). Tym sposobem mo\u017cna uzyska\u0107 pomiary rzeczywiste (ang. true interval) na danej g\u0142\u0119boko\u015bci, gdy\u017c komputer automatycznie rejestruje czas dotarcia fali do obu czujnik\u00f3w i oblicza pr\u0119dko\u015b\u0107 fal znaj\u0105c odleg\u0142o\u015b\u0107 pomi\u0119dzy geofonami. Wa\u017cnym dodatkiem modu\u0142u jest dwuosiowy pomiar inklinacji, kt\u00f3ry pozwala korygowa\u0107 pr\u0119dko\u015b\u0107 z uwagi na skrzywienie kolumny \u017cerdzi w gruncie.<\/p>\n<h2>Na czym polegaj\u0105 badania dylatometryczne gruntu?<\/h2>\n<p>Narz\u0119dzie niezb\u0119dne do przeprowadzenia tego badania to oczywi\u015bcie <strong>dylatometr<\/strong>. Ma on form\u0119 p\u0142askiej, stalowej \u0142opatki, kt\u00f3ra posiada elastyczn\u0105, ko\u0142ow\u0105 membran\u0119. Membrana ta jest umieszczona na powierzchni dylatometru, kt\u00f3ry po\u0142\u0105czony jest z jednostk\u0105 kontrolno-pomiarow\u0105 za pomoc\u0105 przewodu pneumatycznego. Przew\u00f3d ten z kolei s\u0142u\u017cy do przekazywania ci\u015bnienia gazu na membran\u0119.<\/p>\n<p>Aby przeprowadzi\u0107 badanie dylatometryczne, <strong>nale\u017cy wcisn\u0105\u0107 \u0142opatk\u0119 w grunt <\/strong>na zadan\u0105 g\u0142\u0119boko\u015b\u0107 (zwykle co 20 cm). Znajduj\u0105ca si\u0119 na niej membrana ulegnie odkszta\u0142ceniu pod wp\u0142ywem ci\u015bnienia, dzi\u0119ki czemu mo\u017cliwe jest dok\u0142adne okre\u015blenie rodzaju oraz aktualnego stanu pod\u0142o\u017ca. Inne informacje, kt\u00f3re dzi\u0119ki temu badaniu mo\u017cna uzyska\u0107, to:<\/p>\n<ul>\n<li>profil pod\u0142o\u017ca oraz historia napr\u0119\u017cenia,<\/li>\n<li>wska\u017anik materia\u0142owy ID,<\/li>\n<li>wska\u017anika napr\u0119\u017cenia bocznego KD,<\/li>\n<li>wska\u017anik modu\u0142u dylatometrycznego ED.<\/li>\n<\/ul>\n<p>Aktualnie jest to najdok\u0142adniejszy spos\u00f3b, pozwalaj\u0105cy na rozpoznanie parametr\u00f3w odkszta\u0142ceniowych grunt\u00f3w.<\/p>\n<h2>Rodzaje pomiar\u00f3w dokonywanych podczas badania DMT<\/h2>\n<p>Podczas wciskania w grunt sondy p\u0142ytowej w kszta\u0142cie ostrza (czy te\u017c \u0142opatki), <strong>mo\u017cliwe jest dokonanie trzech r\u00f3\u017cnych pomiar\u00f3w<\/strong>. Pierwszy z nich, oznaczany jako <strong>pomiar A<\/strong> ma miejsce, gdy membrana znajduje si\u0119 w jednej p\u0142aszczy\u017anie z ostrzem. Daje on informacje o tym, jakie jest ci\u015bnienie gazu potrzebnego w pocz\u0105tkowej fazie ruchu do uzyskania kontaktu membrany z otaczaj\u0105cym gruntem. <strong>Drugi pomiar (B)<\/strong> wykonywany jest gdy membrana zostanie wysuni\u0119ta o 1,1 mm w kierunku gruntu i pokazuje on ci\u015bnienie gazu potrzebnego do odkszta\u0142cenia \u015brodka membrany w stron\u0119 gruntu. <strong>Ostatni pomiar (C)<\/strong> ma miejsce w momencie powrotu membrany do pozycji pomiaru A. Dzi\u0119ki niemu mo\u017cliwe jest zbadanie ci\u015bnienia gazu po kontrolowanym powrocie membrany do pozycji uzyskanej w pomiarze pierwszym.<\/p>\n<p>Sondy p\u0142ytowe do bada\u0144 DMT to specjalistyczny <a href=\"\/uslugi-geologiczne-sprzet\/\">sprz\u0119t do bada\u0144 geotechnicznych<\/a>, kt\u00f3ry posiadaj\u0105 wykwalifikowane firmy zajmuj\u0105ce si\u0119 badaniami grunt\u00f3w.<\/p>\n<p>[\/tm_pb_text][\/tm_pb_column][tm_pb_column type=&quot;1_3&quot;][tm_pb_image admin_label=&quot;Image&quot; show_in_lightbox=&quot;on&quot; url_new_window=&quot;off&quot; use_overlay=&quot;off&quot; animation=&quot;left&quot; sticky=&quot;off&quot; align=&quot;left&quot; force_fullwidth=&quot;off&quot; always_center_on_mobile=&quot;on&quot; use_border_color=&quot;off&quot; border_color=&quot;#ffffff&quot; border_style=&quot;solid&quot; custom_margin=&quot;100px|||&quot; src=&quot;https:\/\/sigmanto.com\/wp-content\/uploads\/2021\/07\/dylatometr-e1625124315837.jpeg&quot; alt=&quot;Dylatometr do bada\u0144 DMT&quot; title_text=&quot;Dylatometr&quot;] [\/tm_pb_image][tm_pb_image admin_label=&quot;Image&quot; src=&quot;https:\/\/sigmanto.com\/wp-content\/uploads\/2021\/07\/dylatometr-w-uzyciu-e1625124418333.jpeg&quot; alt=&quot;Dylatometr w u\u017cyciu przez profesjonalist\u00f3w&quot; title_text=&quot;Dylatometr &#8211; badania dmt&quot; show_in_lightbox=&quot;off&quot; url_new_window=&quot;off&quot; use_overlay=&quot;off&quot; animation=&quot;left&quot; sticky=&quot;off&quot; align=&quot;left&quot; force_fullwidth=&quot;off&quot; always_center_on_mobile=&quot;on&quot; use_border_color=&quot;off&quot; border_color=&quot;#ffffff&quot; border_style=&quot;solid&quot; custom_margin=&quot;10px|||&quot;] [\/tm_pb_image][tm_pb_image admin_label=&quot;Image&quot; src=&quot;https:\/\/sigmanto.com\/wp-content\/uploads\/2021\/07\/DMT-scaled.jpg&quot; show_in_lightbox=&quot;off&quot; url_new_window=&quot;off&quot; use_overlay=&quot;off&quot; animation=&quot;left&quot; sticky=&quot;off&quot; align=&quot;left&quot; force_fullwidth=&quot;off&quot; always_center_on_mobile=&quot;on&quot; use_border_color=&quot;off&quot; border_color=&quot;#ffffff&quot; border_style=&quot;solid&quot; custom_margin=&quot;10px|||&quot;] [\/tm_pb_image][tm_pb_image admin_label=&quot;Image&quot; src=&quot;https:\/\/sigmanto.com\/wp-content\/uploads\/2023\/03\/products-192.jpg&quot; show_in_lightbox=&quot;off&quot; url_new_window=&quot;off&quot; use_overlay=&quot;off&quot; animation=&quot;left&quot; sticky=&quot;off&quot; align=&quot;left&quot; force_fullwidth=&quot;off&quot; always_center_on_mobile=&quot;on&quot; use_border_color=&quot;off&quot; border_color=&quot;#ffffff&quot; border_style=&quot;solid&quot; custom_margin=&quot;10px|||&quot; \/][tm_pb_image admin_label=&quot;Image&quot; src=&quot;https:\/\/sigmanto.com\/wp-content\/uploads\/2023\/03\/sdmt-test-layout.png&quot; show_in_lightbox=&quot;off&quot; url_new_window=&quot;off&quot; use_overlay=&quot;off&quot; animation=&quot;left&quot; sticky=&quot;off&quot; align=&quot;left&quot; force_fullwidth=&quot;off&quot; always_center_on_mobile=&quot;on&quot; use_border_color=&quot;off&quot; border_color=&quot;#ffffff&quot; border_style=&quot;solid&quot; custom_margin=&quot;10px|||&quot; \/][\/tm_pb_column][\/tm_pb_row][tm_pb_row admin_label=&quot;Row&quot; make_fullwidth=&quot;off&quot; use_custom_width=&quot;off&quot; use_grid_padding=&quot;on&quot; width_unit=&quot;on&quot; padding_mobile=&quot;off&quot; custom_margin=&quot;50px|||&quot; allow_player_pause=&quot;off&quot; parallax=&quot;off&quot; parallax_method=&quot;off&quot; make_equal=&quot;off&quot; parallax_1=&quot;off&quot; parallax_method_1=&quot;off&quot; vertical_alligment_1=&quot;start&quot; responsive_laptop_1=&quot;inherit&quot; responsive_tablet_1=&quot;inherit&quot; responsive_phone_1=&quot;inherit&quot; order_laptop_1=&quot;1&quot; order_tablet_1=&quot;1&quot; order_phone_1=&quot;1&quot; column_padding_mobile=&quot;on&quot;][tm_pb_column type=&quot;4_4&quot;][tm_pb_button admin_label=&quot;Button&quot; button_url=&quot;\/kontakt&quot; url_new_window=&quot;on&quot; button_text=&quot;Zapraszamy do kontaktu!&quot; button_alignment=&quot;left&quot; custom_button=&quot;on&quot; button_letter_spacing=&quot;0&quot; button_use_icon=&quot;default&quot; button_icon_placement=&quot;right&quot; button_on_hover=&quot;on&quot; button_letter_spacing_hover=&quot;0&quot; button_text_size=&quot;25&quot;] [\/tm_pb_button][\/tm_pb_column][\/tm_pb_row][tm_pb_row admin_label=&quot;Row&quot;][\/tm_pb_row][\/tm_pb_section]<\/p>\n","protected":false},"excerpt":{"rendered":"<p>[tm_pb_section admin_label=&#8221;section&#8221;][tm_pb_row admin_label=&#8221;Row&#8221; make_fullwidth=&#8221;off&#8221; use_custom_width=&#8221;off&#8221; use_grid_padding=&#8221;on&#8221; width_unit=&#8221;on&#8221; padding_mobile=&#8221;off&#8221; custom_margin=&#8221;30px||50px|&#8221; allow_player_pause=&#8221;off&#8221; parallax=&#8221;off&#8221; parallax_method=&#8221;off&#8221; make_equal=&#8221;off&#8221; parallax_1=&#8221;off&#8221; parallax_method_1=&#8221;off&#8221; vertical_alligment_1=&#8221;start&#8221; responsive_laptop_1=&#8221;inherit&#8221; responsive_tablet_1=&#8221;inherit&#8221; responsive_phone_1=&#8221;inherit&#8221; order_laptop_1=&#8221;1&#8243; order_tablet_1=&#8221;1&#8243; order_phone_1=&#8221;1&#8243; column_padding_mobile=&#8221;on&#8221;][tm_pb_column type=&#8221;4_4&#8243;][tm_pb_text admin_label=&#8221;Text&#8221; text_orientation=&#8221;center&#8221; use_border_color=&#8221;off&#8221; border_color=&#8221;#ffffff&#8221; border_style=&#8221;solid&#8221;] Badania dylatometryczne DMT, SDMT i SPDMT [\/tm_pb_text][\/tm_pb_column][\/tm_pb_row][tm_pb_row admin_label=&#8221;row&#8221;][tm_pb_column type=&#8221;2_3&#8243;][tm_pb_text admin_label=&#8221;Text&#8221; text_orientation=&#8221;left&#8221; disabled=&#8221;off&#8221; disabled_on=&#8221;off|off|off|off&#8221; use_border_color=&#8221;off&#8221; border_color=&#8221;#ffffff&#8221; border_style=&#8221;solid&#8221;] Czym s\u0105 badania dylatometryczne DMT? W\u015br\u00f3d wszystkich bada\u0144 pod\u0142o\u017ca gruntowego, [&hellip;]<\/p>\n","protected":false},"author":1,"featured_media":0,"parent":0,"menu_order":0,"comment_status":"closed","ping_status":"closed","template":"","meta":{"footnotes":""},"class_list":["post-1047","page","type-page","status-publish","hentry"],"_links":{"self":[{"href":"https:\/\/sigmanto.com\/index.php\/wp-json\/wp\/v2\/pages\/1047","targetHints":{"allow":["GET"]}}],"collection":[{"href":"https:\/\/sigmanto.com\/index.php\/wp-json\/wp\/v2\/pages"}],"about":[{"href":"https:\/\/sigmanto.com\/index.php\/wp-json\/wp\/v2\/types\/page"}],"author":[{"embeddable":true,"href":"https:\/\/sigmanto.com\/index.php\/wp-json\/wp\/v2\/users\/1"}],"replies":[{"embeddable":true,"href":"https:\/\/sigmanto.com\/index.php\/wp-json\/wp\/v2\/comments?post=1047"}],"version-history":[{"count":1,"href":"https:\/\/sigmanto.com\/index.php\/wp-json\/wp\/v2\/pages\/1047\/revisions"}],"predecessor-version":[{"id":1819,"href":"https:\/\/sigmanto.com\/index.php\/wp-json\/wp\/v2\/pages\/1047\/revisions\/1819"}],"wp:attachment":[{"href":"https:\/\/sigmanto.com\/index.php\/wp-json\/wp\/v2\/media?parent=1047"}],"curies":[{"name":"wp","href":"https:\/\/api.w.org\/{rel}","templated":true}]}}