{"id":1111,"date":"2021-07-04T15:22:49","date_gmt":"2021-07-04T13:22:49","guid":{"rendered":"https:\/\/geodev.pl\/?page_id=1111"},"modified":"2026-02-27T12:31:12","modified_gmt":"2026-02-27T11:31:12","slug":"dylatometr-marchettiego-dmt","status":"publish","type":"page","link":"https:\/\/sigmanto.com\/index.php\/dylatometr-marchettiego-dmt\/","title":{"rendered":"Dylatometr Marchetti&#8217;ego DMT"},"content":{"rendered":"<p>W celu oszacowania <strong>parametr\u00f3w odkszta\u0142ceniowych<\/strong> gruntu nasza firma wykonuje badania dylatometryczne. Dylatometr, jakim dysponujemy, posiada opcj\u0119 automatycznej akwizycji pomiar\u00f3w w terenie za pomoc\u0105 komputera co znacznie zwi\u0119ksza dok\u0142adno\u015b\u0107 bada\u0144 wzgl\u0119dem manualnego odczytu. Ma to szczeg\u00f3lne znaczenie dla grunt\u00f3w s\u0142abono\u015bnych.&nbsp;<\/p>\n<p>Dylatometr jest zbudowany z \u0142opatki, na kt\u00f3rej umieszczona jest membrana, kt\u00f3ra odkszta\u0142ca si\u0119 poziomo o 1,1 mm w stron\u0119 gruntu podczas ka\u017cdego pomiaru (zwykle co 20 cm). Podczas pomiar\u00f3w odczytuje si\u0119 pomiar A (wyr\u00f3wnanie membrany z \u0142opatk\u0105), pomiar B (wysuni\u0119cie membrany o 1,1 mm) oraz ewentualnie pomiar C (powr\u00f3t membrany do po\u0142o\u017cenia \u0142opatki.&nbsp;<\/p>\n<p>Jest to jedna z najnowocze\u015bniejszych metod badania pod\u0142o\u017ca gruntowego. Nasz dylatometr mo\u017cna uzupe\u0142ni\u0107 o modu\u0142 sejsmiczny.<\/p>\n<p>O korzy\u015bciach stosowania bada\u0144 dylatometrycznych piszemy <a href=\"https:\/\/sigmanto.com\/badania-dylatometryczne-dmt\/\">tutaj<\/a>.<\/p>\n<p>&nbsp;<\/p>\n<p><img loading=\"lazy\" decoding=\"async\" class=\"alignnone wp-image-1108 size-medium\" src=\"https:\/\/sigmanto.com\/wp-content\/uploads\/2021\/07\/DMT-300x174.jpg\" alt=\"\" width=\"300\" height=\"174\"> <img loading=\"lazy\" decoding=\"async\" class=\"alignnone wp-image-1070 size-medium\" src=\"https:\/\/sigmanto.com\/wp-content\/uploads\/2021\/07\/dylatometr-w-uzyciu-300x197.jpeg\" alt=\"Dylatometr w u\u017cyciu\" width=\"300\" height=\"197\"> <img loading=\"lazy\" decoding=\"async\" class=\"wp-image-1004 size-medium alignnone\" src=\"https:\/\/sigmanto.com\/wp-content\/uploads\/2021\/06\/dylatometr-300x225.jpeg\" alt=\"Dylatometr do bada\u0144 polowych\" width=\"300\" height=\"225\"><\/p>\n","protected":false},"excerpt":{"rendered":"<p>W celu oszacowania parametr\u00f3w odkszta\u0142ceniowych gruntu nasza firma wykonuje badania dylatometryczne. Dylatometr, jakim dysponujemy, posiada opcj\u0119 automatycznej akwizycji pomiar\u00f3w w terenie za pomoc\u0105 komputera co znacznie zwi\u0119ksza dok\u0142adno\u015b\u0107 bada\u0144 wzgl\u0119dem manualnego odczytu. Ma to szczeg\u00f3lne znaczenie dla grunt\u00f3w s\u0142abono\u015bnych.&nbsp; Dylatometr jest zbudowany z \u0142opatki, na kt\u00f3rej umieszczona jest membrana, kt\u00f3ra odkszta\u0142ca si\u0119 poziomo o 1,1 [&hellip;]<\/p>\n","protected":false},"author":1,"featured_media":0,"parent":0,"menu_order":0,"comment_status":"closed","ping_status":"closed","template":"","meta":{"footnotes":""},"class_list":["post-1111","page","type-page","status-publish","hentry"],"_links":{"self":[{"href":"https:\/\/sigmanto.com\/index.php\/wp-json\/wp\/v2\/pages\/1111","targetHints":{"allow":["GET"]}}],"collection":[{"href":"https:\/\/sigmanto.com\/index.php\/wp-json\/wp\/v2\/pages"}],"about":[{"href":"https:\/\/sigmanto.com\/index.php\/wp-json\/wp\/v2\/types\/page"}],"author":[{"embeddable":true,"href":"https:\/\/sigmanto.com\/index.php\/wp-json\/wp\/v2\/users\/1"}],"replies":[{"embeddable":true,"href":"https:\/\/sigmanto.com\/index.php\/wp-json\/wp\/v2\/comments?post=1111"}],"version-history":[{"count":1,"href":"https:\/\/sigmanto.com\/index.php\/wp-json\/wp\/v2\/pages\/1111\/revisions"}],"predecessor-version":[{"id":1830,"href":"https:\/\/sigmanto.com\/index.php\/wp-json\/wp\/v2\/pages\/1111\/revisions\/1830"}],"wp:attachment":[{"href":"https:\/\/sigmanto.com\/index.php\/wp-json\/wp\/v2\/media?parent=1111"}],"curies":[{"name":"wp","href":"https:\/\/api.w.org\/{rel}","templated":true}]}}