{"id":139,"date":"2019-07-17T14:10:47","date_gmt":"2019-07-17T12:10:47","guid":{"rendered":"http:\/\/geodev.pl\/?page_id=139"},"modified":"2026-02-27T12:31:12","modified_gmt":"2026-02-27T11:31:12","slug":"kontakt","status":"publish","type":"page","link":"https:\/\/sigmanto.com\/index.php\/kontakt\/","title":{"rendered":"Kontakt"},"content":{"rendered":"<p>[tm_pb_section admin_label=&#8221;Section&#8221; fullwidth=&#8221;off&#8221; specialty=&#8221;off&#8221; transparent_background=&#8221;on&#8221; allow_player_pause=&#8221;off&#8221; inner_shadow=&#8221;off&#8221; parallax=&#8221;off&#8221; parallax_method=&#8221;off&#8221; make_fullwidth=&#8221;off&#8221; use_custom_width=&#8221;off&#8221; width_unit=&#8221;on&#8221; make_equal=&#8221;off&#8221; use_custom_gutter=&#8221;off&#8221;][tm_pb_row admin_label=&#8221;row&#8221; make_fullwidth=&#8221;on&#8221; use_custom_width=&#8221;off&#8221; use_grid_padding=&#8221;off&#8221; width_unit=&#8221;on&#8221; padding_mobile=&#8221;off&#8221; allow_player_pause=&#8221;off&#8221; parallax=&#8221;off&#8221; parallax_method=&#8221;off&#8221; make_equal=&#8221;off&#8221; parallax_1=&#8221;off&#8221; parallax_method_1=&#8221;off&#8221; vertical_alligment_1=&#8221;start&#8221; responsive_laptop_1=&#8221;inherit&#8221; responsive_tablet_1=&#8221;inherit&#8221; responsive_phone_1=&#8221;inherit&#8221; order_laptop_1=&#8221;1&#8243; order_tablet_1=&#8221;1&#8243; order_phone_1=&#8221;1&#8243; column_padding_mobile=&#8221;on&#8221; padding_top_1=&#8221;0px&#8221; custom_margin=&#8221;-20px|||&#8221; custom_padding=&#8221;0px|||&#8221;][tm_pb_column type=&#8221;4_4&#8243;][tm_pb_image admin_label=&#8221;Image&#8221; src=&#8221;http:\/\/geodev.pl\/wp-content\/uploads\/2019\/07\/IMG_2937-e1591800921863.jpg&#8221; show_in_lightbox=&#8221;off&#8221; url_new_window=&#8221;off&#8221; use_overlay=&#8221;off&#8221; animation=&#8221;fade_in&#8221; sticky=&#8221;off&#8221; align=&#8221;center&#8221; force_fullwidth=&#8221;on&#8221; always_center_on_mobile=&#8221;on&#8221; use_border_color=&#8221;off&#8221; border_color=&#8221;#ffffff&#8221; border_style=&#8221;solid&#8221;]<\/p>\n<p>[\/tm_pb_image][\/tm_pb_column][\/tm_pb_row][\/tm_pb_section][tm_pb_section admin_label=&#8221;section&#8221; transparent_background=&#8221;on&#8221; allow_player_pause=&#8221;off&#8221; inner_shadow=&#8221;off&#8221; parallax=&#8221;off&#8221; parallax_method=&#8221;off&#8221; custom_padding=&#8221;0px|||&#8221; make_fullwidth=&#8221;off&#8221; use_custom_width=&#8221;off&#8221; width_unit=&#8221;on&#8221; make_equal=&#8221;off&#8221; use_custom_gutter=&#8221;off&#8221;][tm_pb_row admin_label=&#8221;Row&#8221; make_fullwidth=&#8221;off&#8221; use_custom_width=&#8221;off&#8221; use_grid_padding=&#8221;on&#8221; width_unit=&#8221;on&#8221; padding_mobile=&#8221;off&#8221; allow_player_pause=&#8221;off&#8221; parallax=&#8221;off&#8221; parallax_method=&#8221;off&#8221; make_equal=&#8221;off&#8221; parallax_1=&#8221;off&#8221; parallax_method_1=&#8221;off&#8221; vertical_alligment_1=&#8221;start&#8221; responsive_laptop_1=&#8221;inherit&#8221; responsive_tablet_1=&#8221;inherit&#8221; responsive_phone_1=&#8221;inherit&#8221; order_laptop_1=&#8221;1&#8243; order_tablet_1=&#8221;1&#8243; order_phone_1=&#8221;1&#8243; parallax_2=&#8221;off&#8221; parallax_method_2=&#8221;off&#8221; vertical_alligment_2=&#8221;start&#8221; responsive_laptop_2=&#8221;inherit&#8221; responsive_tablet_2=&#8221;inherit&#8221; responsive_phone_2=&#8221;inherit&#8221; order_laptop_2=&#8221;2&#8243; order_tablet_2=&#8221;2&#8243; order_phone_2=&#8221;2&#8243; column_padding_mobile=&#8221;on&#8221; custom_margin=&#8221;50px||50px|&#8221;][tm_pb_column type=&#8221;2_3&#8243;][tm_pb_text admin_label=&#8221;Text&#8221; text_orientation=&#8221;left&#8221; use_border_color=&#8221;off&#8221; border_color=&#8221;#ffffff&#8221; border_style=&#8221;solid&#8221;]<\/p>\n<p>\n[contact-form-7 id=&#8221;5&#8243; title=&#8221;Formularz 1&#8243;]<\/p>\n<p>[\/tm_pb_text][\/tm_pb_column][tm_pb_column type=&#8221;1_3&#8243;][tm_pb_text admin_label=&#8221;Text&#8221; text_orientation=&#8221;left&#8221; use_border_color=&#8221;off&#8221; border_color=&#8221;#ffffff&#8221; border_style=&#8221;solid&#8221; custom_margin=&#8221;||50px|&#8221;]<\/p>\n<h2>Kontakt<\/h2>\n<p>[\/tm_pb_text][tm_pb_text admin_label=&#8221;Text&#8221; text_orientation=&#8221;left&#8221; use_border_color=&#8221;off&#8221; border_color=&#8221;#ffffff&#8221; border_style=&#8221;solid&#8221;]<\/p>\n<h5>Geodev &#8211; geolog<\/h5>\n<p>Patryk Karolczyk<\/p>\n<p>Adres korespondencyjny:<\/p>\n<p>Al. Korfantego 191 bud. E<br \/>\n40-153 Katowice (przy Instytucie Techniki Budownictwa)<\/p>\n<p>NIP: 5751878326<br \/>\nREGON: 383881647<\/p>\n<p>&nbsp;<\/p>\n<p>Nr tel.: +48 733 859 277<br \/>\ne-mail: biuro@geodev.pl<\/p>\n<p>[\/tm_pb_text][\/tm_pb_column][\/tm_pb_row][\/tm_pb_section][tm_pb_section admin_label=&#8221;Section&#8221; fullwidth=&#8221;off&#8221; specialty=&#8221;off&#8221;][tm_pb_row admin_label=&#8221;Row&#8221;][tm_pb_column type=&#8221;4_4&#8243;][tm_pb_text admin_label=&#8221;Text&#8221; text_orientation=&#8221;left&#8221; use_border_color=&#8221;off&#8221; border_color=&#8221;#ffffff&#8221; border_style=&#8221;solid&#8221;]<\/p>\n<h2>Us\u0142ugi geologiczne na \u015al\u0105sku \u2013 na czym polegaj\u0105?<\/h2>\n<p>Geologia to dziedzina nauki, kt\u00f3ra zajmuje si\u0119 budow\u0105 oraz w\u0142asno\u015bciami Ziemi. Jedn\u0105 z jej ga\u0142\u0119zi jest geologia stosowana, kt\u00f3ra wykorzystuj\u0119 wiedz\u0119 teoretyczn\u0105 do cel\u00f3w praktycznych, takich jak geologia in\u017cynierska czy \u015brodowiskowa. Geotechnika z kolei to nauka zajmuj\u0105ca si\u0119 w\u0142a\u015bciwo\u015bciami gruntu pod k\u0105tem projektowania i wykonywania obiekt\u00f3w budowlanych. Czym zajmuje si\u0119 geolog? Przede wszystkim doradztwem podczas odwiert\u00f3w geologicznych, przeprowadzaniem bada\u0144 gruntu, bada\u0144 geotechnicznych.<\/p>\n<p>Podstawowe <a href=\"\/oferta\/\">us\u0142ugi geologiczne<\/a> i geotechniczne w Katowicach, na \u015al\u0105sku to m.in.:<\/p>\n<ul>\n<li>badania gruntu,<\/li>\n<li><a href=\"\/badanie-zanieczyszczenia-gruntu\/\">badania zanieczyszcze\u0144 gruntu<\/a>,<\/li>\n<li><a href=\"\/opinie-geotechniczne\/\">opinia geotechniczna<\/a> wskazuj\u0105ca na warunki gruntowo-wodne na okre\u015blonym terenie,<\/li>\n<li><a href=\"\/dokumentacja-badan-podloza-gruntowego\/\">dokumentacja bada\u0144 pod\u0142o\u017ca gruntowego<\/a>,<\/li>\n<li>projekty rob\u00f3t geologicznych,<\/li>\n<li><a href=\"\/dokumentacja-geologiczno-inzynierska\/\">dokumentacje geologiczno-in\u017cynierskie<\/a>.<\/li>\n<\/ul>\n<p>Firma geologiczna\/geotechniczna mo\u017ce opracowa\u0107 dokumentacj\u0119 geologiczno-in\u017cyniersk\u0105 oraz dokumentacj\u0119 bada\u0144 pod\u0142o\u017ca gruntowego. Opr\u00f3cz tego wykonuje projekty rob\u00f3t geologicznych, nadzoruje odwierty geologiczne. Kiedy to wszystko jest potrzebne?<\/p>\n<p>Z us\u0142ug geologicznych korzystaj\u0105 m.in.: <strong>deweloperzy, konstruktorzy (projektanci), przedsi\u0119biorstwa budowlane<\/strong>, kt\u00f3rzy musz\u0105 wykona\u0107 badania geotechniczne (wynika to nie tylko z obowi\u0105zuj\u0105cych przepis\u00f3w, ale umo\u017cliwia r\u00f3wnie\u017c stworzenie optymalnego projektu, wykorzystuj\u0105cego zabezpieczenia fundament\u00f3w dla okre\u015blonych warunk\u00f3w gruntowych). Badania gruntu cz\u0119sto zlecaj\u0105 <strong>osoby indywidualne<\/strong>, kt\u00f3re planuj\u0105 podj\u0105\u0107 si\u0119 budowy dom\u00f3w. Zgodnie z obowi\u0105zuj\u0105cymi przepisami, aby opinia geotechniczna by\u0142a w pe\u0142ni przydatna, zakres prac geotechnicznych powinien okre\u015bli\u0107 <strong>projektant obiektu budowlanego<\/strong>. Geolog pomo\u017ce tak\u017ce w ocenie szk\u00f3d g\u00f3rniczych.<\/p>\n<h2>Kiedy potrzebne s\u0105 badania geotechniczne, badania gruntu?<\/h2>\n<p>Podstawow\u0105 us\u0142ug\u0105 geologiczn\u0105 s\u0105 badania geotechniczne. Na czym polegaj\u0105 i kiedy nale\u017cy je wykona\u0107?<\/p>\n<p><a href=\"\/\/opinie-geotechniczne\/\/\">Badania geotechniczne<\/a> pozwalaj\u0105 na <strong>ocen\u0119 warunk\u00f3w wodno-gruntowych<\/strong>, przede wszystkim na rozk\u0142ad warstw pod\u0142o\u017ca gruntowego, okre\u015blenie jego stan\u00f3w i parametr\u00f3w, a tak\u017ce sprawdzenie poziomu w\u00f3d gruntowych oraz jego waha\u0144. Nale\u017cy o tym pomy\u015ble\u0107 przed rozpocz\u0119ciem jakiejkolwiek inwestycji budowlanej, niezale\u017cnie od tego, czy mowa o domu jednorodzinnym, czy o obiekcie przemys\u0142owym. Dlaczego?<\/p>\n<p>Zbyt wysoki poziom w\u00f3d gruntowych cz\u0119sto uniemo\u017cliwia wykonanie podpiwniczenia lub by\u0142oby to nieop\u0142acalne ze wzgl\u0119du na konieczno\u015b\u0107 zastosowania kosztownych rozwi\u0105za\u0144 technicznych. Posadowienie obiekt\u00f3w, gdy w pod\u0142o\u017cu wyst\u0119puj\u0105 grunty s\u0142abono\u015bne, wymaga cz\u0119sto specjalistycznych wzmocnie\u0144 pod\u0142o\u017ca lub nierzadko posadowienia po\u015bredniego (pale, kolumny itp.). W Polsce cz\u0119sto spotykane s\u0105 grunty wysadzinowe i p\u0119czniej\u0105ce. Dodatkowo grunty takie przy zag\u0119szczaniu wibracyjnym mog\u0105 si\u0119 uplastycznia\u0107. Znajomo\u015b\u0107 pe\u0142nego profilu pod\u0142o\u017ca gruntowego i jego parametr\u00f3w pozwala optymalnie przeprowadzi\u0107 prace projektowe oraz bezpiecznie posadowi\u0107 fundamenty. Na tym nie ko\u0144cz\u0105 si\u0119 korzy\u015bci z wykonania bada\u0144 pod\u0142o\u017ca gruntowego, gdy\u017c budynek pracuje tak\u017ce w fazie eksploatacji.<\/p>\n<p>Tutaj warto doda\u0107, \u017ce odpowiedzialny projektant powinien zleci\u0107 opr\u00f3cz kilku sztuk otwor\u00f3w geotechnicznych, tak\u017ce badania pod\u0142o\u017ca gruntowego w postaci sondowa\u0144 odpowiednich do rodzaju gruntu (<a href=\"\/sondowanie-statyczne-cptu\/\">CPTU<\/a>, <a href=\"\/badania-dylatometryczne-dmt\/\">DMT<\/a>, DP) oraz bada\u0144 terenowych (penetrometr t\u0142oczkowy lub \u015bcinarka obrotowa na pr\u00f3bie NNS), badania laboratoryjne. Na ko\u0144cu klientowi dostarczana jest dokumentacja bada\u0144 pod\u0142o\u017ca gruntowego, kt\u00f3ra jest potrzebna na p\u00f3\u017aniejszych etapach realizowania inwestycji.<\/p>\n<h2>Czy warto wykona\u0107 badania geotechniczne w Katowicach oraz innych rejonach Polski?<\/h2>\n<p><strong>Podstawow\u0105 us\u0142ug\u0105 geotechniczn\u0105 (geologiczn\u0105) jest opracowanie opinii geotechnicznej.<\/strong> Opini\u0119 tak\u0105, zgodnie z Rozporz\u0105dzeniem, nale\u017cy wykona\u0107 dla ka\u017cdego obiektu budowlanego. Je\u015bli obiekt budowlany kwalifikuje si\u0119 do II i III kategorii geotechnicznej lub posadowiony jest w z\u0142o\u017conych i skomplikowanych warunkach gruntowych, konieczne jest uzupe\u0142nienie opinii geotechnicznej o nast\u0119puj\u0105ce badania:<\/p>\n<ul>\n<li>bada\u0144 geotechnicznych;<\/li>\n<li>bada\u0144 geologiczno-in\u017cynierskich.<\/li>\n<\/ul>\n<p>W tym celu, przy u\u017cyciu specjalistycznego sprz\u0119tu, wykonuje si\u0119 m.in. <a href=\"\/odwierty-geotechniczne-i-geologiczne\/\">odwierty geologiczne i geotechniczne<\/a>, sondowania statyczne (CPTU), badania dylatometryczne (DMT), sondowania dynamiczne (DP) oraz specjalistyczne badania na pr\u00f3bie o nienaruszonej strukturze NNS np. za pomoc\u0105 aparatu tr\u00f3josiowego, edometru. Opr\u00f3cz tego przeprowadza si\u0119 podstawowe badania laboratoryjne, umo\u017cliwiaj\u0105ce wykonanie analizy gruntu pod k\u0105tem uziarnienia, wilgotno\u015bci, granic p\u0142ynno\u015bci i plastyczno\u015bci. Badania geotechniczne dopasowuje si\u0119 do kategorii geotechnicznej obiektu oraz z\u0142o\u017cono\u015bci warunk\u00f3w gruntowych. Wa\u017cne jest tak\u017ce dobranie bada\u0144 do zamierzonego celu. Je\u015bli najwi\u0119kszym zagro\u017ceniem dla konstrukcji b\u0119d\u0105 osiadania, lepiej dopasowa\u0107 zestaw bada\u0144, kt\u00f3ry skupi si\u0119 na parametrach odkszta\u0142ceniowych gruntu (DMT, edometr). Z kolei, gdy problematyczne s\u0105 parametry wytrzyma\u0142o\u015bciowe \u2013 najkorzystniejsze pod wzgl\u0119dem parametryzacji pod\u0142o\u017ca s\u0105 sondowania statyczne CPTU.<\/p>\n<p>A czy warto zam\u00f3wi\u0107 badania geotechniczne? Zdecydowanie tak, poniewa\u017c dzi\u0119ki nim mo\u017cliwe jest opracowanie dokumentacji technicznej, b\u0119d\u0105cej podstaw\u0105 do rozpocz\u0119cia prac budowlanych. Ponadto dzi\u0119ki badaniom gruntu mo\u017cna&nbsp;<strong>unikn\u0105\u0107 wielu koszt\u00f3w<\/strong>, a tak\u017ce problem\u00f3w zwi\u0105zanych z wysadzinowo\u015bci\u0105 gruntu, niewystarczaj\u0105cymi parametrami gruntu dla danego fundamentu, wysokim poziomem w\u00f3d gruntowych. Dodatkowo nale\u017cy pami\u0119ta\u0107, i\u017c <strong>opracowanie opinii geotechnicznej jest prawnie wymagane<\/strong>, a co za tym idzie \u2013 przy jej braku w projekcie budowlanym, w razie ewentualnych szk\u00f3d, ubezpieczalnie mog\u0105 nie wyp\u0142aci\u0107 odszkodowa\u0144 z uwagi na braki projektowe.<\/p>\n<p>Reasumuj\u0105c, badania geotechniczne, szczeg\u00f3lnie w dzisiejszych czasach, gdy wi\u0119kszo\u015b\u0107 \u201edobrych\u201d grunt\u00f3w jest ju\u017c zabudowana, s\u0105 jednym z najwa\u017cniejszych proces\u00f3w podczas projektowania obiektu. Bez odpowiednich danych projektant mo\u017ce nie doszacowa\u0107 parametr\u00f3w fundament\u00f3w, co zagrozi bezpiecze\u0144stwu lub je przeszacowa\u0107 co znacznie wp\u0142ywa na ekonomi\u0119 inwestycji.<\/p>\n<p>[\/tm_pb_text][\/tm_pb_column][\/tm_pb_row][\/tm_pb_section]<\/p>\n","protected":false},"excerpt":{"rendered":"<p>[tm_pb_section admin_label=&#8221;Section&#8221; fullwidth=&#8221;off&#8221; specialty=&#8221;off&#8221; transparent_background=&#8221;on&#8221; allow_player_pause=&#8221;off&#8221; inner_shadow=&#8221;off&#8221; parallax=&#8221;off&#8221; parallax_method=&#8221;off&#8221; make_fullwidth=&#8221;off&#8221; use_custom_width=&#8221;off&#8221; width_unit=&#8221;on&#8221; make_equal=&#8221;off&#8221; use_custom_gutter=&#8221;off&#8221;][tm_pb_row admin_label=&#8221;row&#8221; make_fullwidth=&#8221;on&#8221; use_custom_width=&#8221;off&#8221; use_grid_padding=&#8221;off&#8221; width_unit=&#8221;on&#8221; padding_mobile=&#8221;off&#8221; allow_player_pause=&#8221;off&#8221; parallax=&#8221;off&#8221; parallax_method=&#8221;off&#8221; make_equal=&#8221;off&#8221; parallax_1=&#8221;off&#8221; parallax_method_1=&#8221;off&#8221; vertical_alligment_1=&#8221;start&#8221; responsive_laptop_1=&#8221;inherit&#8221; responsive_tablet_1=&#8221;inherit&#8221; responsive_phone_1=&#8221;inherit&#8221; order_laptop_1=&#8221;1&#8243; order_tablet_1=&#8221;1&#8243; order_phone_1=&#8221;1&#8243; column_padding_mobile=&#8221;on&#8221; padding_top_1=&#8221;0px&#8221; custom_margin=&#8221;-20px|||&#8221; custom_padding=&#8221;0px|||&#8221;][tm_pb_column type=&#8221;4_4&#8243;][tm_pb_image admin_label=&#8221;Image&#8221; src=&#8221;http:\/\/geodev.pl\/wp-content\/uploads\/2019\/07\/IMG_2937-e1591800921863.jpg&#8221; show_in_lightbox=&#8221;off&#8221; url_new_window=&#8221;off&#8221; use_overlay=&#8221;off&#8221; animation=&#8221;fade_in&#8221; sticky=&#8221;off&#8221; align=&#8221;center&#8221; force_fullwidth=&#8221;on&#8221; always_center_on_mobile=&#8221;on&#8221; use_border_color=&#8221;off&#8221; border_color=&#8221;#ffffff&#8221; border_style=&#8221;solid&#8221;] [\/tm_pb_image][\/tm_pb_column][\/tm_pb_row][\/tm_pb_section][tm_pb_section admin_label=&#8221;section&#8221; transparent_background=&#8221;on&#8221; allow_player_pause=&#8221;off&#8221; [&hellip;]<\/p>\n","protected":false},"author":1,"featured_media":0,"parent":0,"menu_order":0,"comment_status":"closed","ping_status":"closed","template":"","meta":{"footnotes":""},"class_list":["post-139","page","type-page","status-publish","hentry"],"_links":{"self":[{"href":"https:\/\/sigmanto.com\/index.php\/wp-json\/wp\/v2\/pages\/139","targetHints":{"allow":["GET"]}}],"collection":[{"href":"https:\/\/sigmanto.com\/index.php\/wp-json\/wp\/v2\/pages"}],"about":[{"href":"https:\/\/sigmanto.com\/index.php\/wp-json\/wp\/v2\/types\/page"}],"author":[{"embeddable":true,"href":"https:\/\/sigmanto.com\/index.php\/wp-json\/wp\/v2\/users\/1"}],"replies":[{"embeddable":true,"href":"https:\/\/sigmanto.com\/index.php\/wp-json\/wp\/v2\/comments?post=139"}],"version-history":[{"count":1,"href":"https:\/\/sigmanto.com\/index.php\/wp-json\/wp\/v2\/pages\/139\/revisions"}],"predecessor-version":[{"id":1833,"href":"https:\/\/sigmanto.com\/index.php\/wp-json\/wp\/v2\/pages\/139\/revisions\/1833"}],"wp:attachment":[{"href":"https:\/\/sigmanto.com\/index.php\/wp-json\/wp\/v2\/media?parent=139"}],"curies":[{"name":"wp","href":"https:\/\/api.w.org\/{rel}","templated":true}]}}