{"id":1659,"date":"2024-11-17T16:16:54","date_gmt":"2024-11-17T15:16:54","guid":{"rendered":"https:\/\/geodev.pl\/?page_id=1659"},"modified":"2026-02-27T12:31:13","modified_gmt":"2026-02-27T11:31:13","slug":"wiertnica-samochodowa-bipromasz-h16s2","status":"publish","type":"page","link":"https:\/\/sigmanto.com\/index.php\/wiertnica-samochodowa-bipromasz-h16s2\/","title":{"rendered":"Wiertnica samochodowa BIPROMASZ H16S2"},"content":{"rendered":"<p>[tm_pb_section admin_label=&#8221;section&#8221; transparent_background=&#8221;on&#8221; allow_player_pause=&#8221;off&#8221; inner_shadow=&#8221;off&#8221; parallax=&#8221;off&#8221; parallax_method=&#8221;off&#8221; custom_padding=&#8221;0px|||&#8221; make_fullwidth=&#8221;off&#8221; use_custom_width=&#8221;off&#8221; width_unit=&#8221;on&#8221; make_equal=&#8221;off&#8221; use_custom_gutter=&#8221;off&#8221;][tm_pb_row admin_label=&#8221;Row&#8221; make_fullwidth=&#8221;off&#8221; use_custom_width=&#8221;off&#8221; use_grid_padding=&#8221;on&#8221; width_unit=&#8221;on&#8221; padding_mobile=&#8221;off&#8221; custom_margin=&#8221;50px|||&#8221; allow_player_pause=&#8221;off&#8221; parallax=&#8221;off&#8221; parallax_method=&#8221;off&#8221; make_equal=&#8221;off&#8221; parallax_1=&#8221;off&#8221; parallax_method_1=&#8221;off&#8221; vertical_alligment_1=&#8221;start&#8221; responsive_laptop_1=&#8221;inherit&#8221; responsive_tablet_1=&#8221;inherit&#8221; responsive_phone_1=&#8221;inherit&#8221; order_laptop_1=&#8221;1&#8243; order_tablet_1=&#8221;1&#8243; order_phone_1=&#8221;1&#8243; column_padding_mobile=&#8221;on&#8221; parallax_2=&#8221;off&#8221; parallax_method_2=&#8221;off&#8221; vertical_alligment_2=&#8221;center&#8221; responsive_laptop_2=&#8221;inherit&#8221; responsive_tablet_2=&#8221;inherit&#8221; responsive_phone_2=&#8221;inherit&#8221; order_laptop_2=&#8221;2&#8243; order_tablet_2=&#8221;2&#8243; order_phone_2=&#8221;2&#8243;][tm_pb_column type=&#8221;4_4&#8243;][tm_pb_text admin_label=&#8221;Text&#8221; text_orientation=&#8221;left&#8221; use_border_color=&#8221;off&#8221; border_color=&#8221;#ffffff&#8221; border_style=&#8221;solid&#8221; module_class=&#8221;dark&#8221;]<\/p>\n<h3>WIERTNICA SAMOCHODWA BIPROMASZ H16S<\/h3>\n<p>[\/tm_pb_text][\/tm_pb_column][\/tm_pb_row][\/tm_pb_section][tm_pb_section admin_label=&#8221;section&#8221; transparent_background=&#8221;on&#8221; allow_player_pause=&#8221;off&#8221; inner_shadow=&#8221;off&#8221; parallax=&#8221;off&#8221; parallax_method=&#8221;off&#8221; custom_padding=&#8221;0px||40px|&#8221; make_fullwidth=&#8221;off&#8221; use_custom_width=&#8221;off&#8221; width_unit=&#8221;on&#8221; make_equal=&#8221;off&#8221; use_custom_gutter=&#8221;off&#8221;][tm_pb_row admin_label=&#8221;Row&#8221; make_fullwidth=&#8221;off&#8221; use_custom_width=&#8221;off&#8221; use_grid_padding=&#8221;on&#8221; width_unit=&#8221;on&#8221; padding_mobile=&#8221;off&#8221; custom_margin=&#8221;50px|||&#8221; allow_player_pause=&#8221;off&#8221; parallax=&#8221;off&#8221; parallax_method=&#8221;off&#8221; make_equal=&#8221;off&#8221; parallax_1=&#8221;off&#8221; parallax_method_1=&#8221;off&#8221; vertical_alligment_1=&#8221;start&#8221; responsive_laptop_1=&#8221;inherit&#8221; responsive_tablet_1=&#8221;inherit&#8221; responsive_phone_1=&#8221;inherit&#8221; order_laptop_1=&#8221;1&#8243; order_tablet_1=&#8221;1&#8243; order_phone_1=&#8221;1&#8243; parallax_2=&#8221;off&#8221; parallax_method_2=&#8221;off&#8221; vertical_alligment_2=&#8221;start&#8221; responsive_laptop_2=&#8221;inherit&#8221; responsive_tablet_2=&#8221;inherit&#8221; responsive_phone_2=&#8221;inherit&#8221; order_laptop_2=&#8221;2&#8243; order_tablet_2=&#8221;2&#8243; order_phone_2=&#8221;2&#8243; column_padding_mobile=&#8221;on&#8221;][tm_pb_column type=&#8221;4_4&#8243;][tm_pb_text admin_label=&#8221;Text&#8221; text_orientation=&#8221;left&#8221; use_border_color=&#8221;off&#8221; border_color=&#8221;#ffffff&#8221; border_style=&#8221;solid&#8221; custom_margin=&#8221;30px||40px|&#8221;]<\/p>\n<p>Wyposa\u017cona w dwubiegow\u0105 g\u0142owic\u0119 obrotow\u0105, zacisk hydrauliczny do rur i wci\u0105gark\u0119 z szarpakiem stanowi doskona\u0142e mobilne narz\u0119dzie do wierce\u0144 rurowanych. Wiertnica ta ma mo\u017cliwo\u015b\u0107 wiercenia \u015bwidrem spiralnym o \u015brednicy maksymalnej 168 mm do g\u0142\u0119boko\u015bci 25 m, przez co umo\u017cliwia wykonywanie wierce\u0144 geotechnicznych z poborem pr\u00f3bek klasy A (NNS \u2013 o nienaruszonej strukturze) przy pomocy specjalnego zestawu stabilizuj\u0105cego maszyn\u0119 oraz wszelkiego rodzaju piezometr\u00f3w lub inklinometr\u00f3w na osuwiskach. Wiertnic\u0119 wyposa\u017cono w silny 34 konny silnik Kubota.&nbsp;<\/p>\n<p>&nbsp;<\/p>\n<p>Wiertnic\u0119 cechuje du\u017ca moc i mo\u017cliwo\u015b\u0107 pobrania dobrej jako\u015bci pr\u00f3b, jednak\u017ce z uwagi na swoje gabaryty jest zdecydowanie mniej mobilna od wiertnicy na <a href=\"https:\/\/sigmanto.com\/samobiezna-wiertnica-mechaniczna-uslugi-geologiczne\/\">podwoziu g\u0105sienicowym<\/a>, kt\u00f3r\u0105 wykonujemy prace w mniej dost\u0119pnych terenach.<\/p>\n<p>[\/tm_pb_text][\/tm_pb_column][\/tm_pb_row][\/tm_pb_section][tm_pb_section admin_label=&#8221;Section&#8221; fullwidth=&#8221;off&#8221; specialty=&#8221;off&#8221;][tm_pb_row admin_label=&#8221;Row&#8221;][tm_pb_column type=&#8221;4_4&#8243;][tm_pb_text admin_label=&#8221;Text&#8221; text_orientation=&#8221;left&#8221; use_border_color=&#8221;off&#8221; border_color=&#8221;#ffffff&#8221; border_style=&#8221;solid&#8221;]<\/p>\n<p>[ngg src=&#8221;galleries&#8221; ids=&#8221;6&#8243; display=&#8221;basic_thumbnail&#8221; thumbnail_crop=&#8221;0&#8243;][\/tm_pb_text][\/tm_pb_column][\/tm_pb_row][\/tm_pb_section]<\/p>\n","protected":false},"excerpt":{"rendered":"<p>[tm_pb_section admin_label=&#8221;section&#8221; transparent_background=&#8221;on&#8221; allow_player_pause=&#8221;off&#8221; inner_shadow=&#8221;off&#8221; parallax=&#8221;off&#8221; parallax_method=&#8221;off&#8221; custom_padding=&#8221;0px|||&#8221; make_fullwidth=&#8221;off&#8221; use_custom_width=&#8221;off&#8221; width_unit=&#8221;on&#8221; make_equal=&#8221;off&#8221; use_custom_gutter=&#8221;off&#8221;][tm_pb_row admin_label=&#8221;Row&#8221; make_fullwidth=&#8221;off&#8221; use_custom_width=&#8221;off&#8221; use_grid_padding=&#8221;on&#8221; width_unit=&#8221;on&#8221; padding_mobile=&#8221;off&#8221; custom_margin=&#8221;50px|||&#8221; allow_player_pause=&#8221;off&#8221; parallax=&#8221;off&#8221; parallax_method=&#8221;off&#8221; make_equal=&#8221;off&#8221; parallax_1=&#8221;off&#8221; parallax_method_1=&#8221;off&#8221; vertical_alligment_1=&#8221;start&#8221; responsive_laptop_1=&#8221;inherit&#8221; responsive_tablet_1=&#8221;inherit&#8221; responsive_phone_1=&#8221;inherit&#8221; order_laptop_1=&#8221;1&#8243; order_tablet_1=&#8221;1&#8243; order_phone_1=&#8221;1&#8243; column_padding_mobile=&#8221;on&#8221; parallax_2=&#8221;off&#8221; parallax_method_2=&#8221;off&#8221; vertical_alligment_2=&#8221;center&#8221; responsive_laptop_2=&#8221;inherit&#8221; responsive_tablet_2=&#8221;inherit&#8221; responsive_phone_2=&#8221;inherit&#8221; order_laptop_2=&#8221;2&#8243; order_tablet_2=&#8221;2&#8243; order_phone_2=&#8221;2&#8243;][tm_pb_column type=&#8221;4_4&#8243;][tm_pb_text admin_label=&#8221;Text&#8221; text_orientation=&#8221;left&#8221; use_border_color=&#8221;off&#8221; border_color=&#8221;#ffffff&#8221; border_style=&#8221;solid&#8221; module_class=&#8221;dark&#8221;] WIERTNICA SAMOCHODWA BIPROMASZ H16S [\/tm_pb_text][\/tm_pb_column][\/tm_pb_row][\/tm_pb_section][tm_pb_section [&hellip;]<\/p>\n","protected":false},"author":2,"featured_media":0,"parent":0,"menu_order":0,"comment_status":"closed","ping_status":"closed","template":"","meta":{"footnotes":""},"class_list":["post-1659","page","type-page","status-publish","hentry"],"_links":{"self":[{"href":"https:\/\/sigmanto.com\/index.php\/wp-json\/wp\/v2\/pages\/1659","targetHints":{"allow":["GET"]}}],"collection":[{"href":"https:\/\/sigmanto.com\/index.php\/wp-json\/wp\/v2\/pages"}],"about":[{"href":"https:\/\/sigmanto.com\/index.php\/wp-json\/wp\/v2\/types\/page"}],"author":[{"embeddable":true,"href":"https:\/\/sigmanto.com\/index.php\/wp-json\/wp\/v2\/users\/2"}],"replies":[{"embeddable":true,"href":"https:\/\/sigmanto.com\/index.php\/wp-json\/wp\/v2\/comments?post=1659"}],"version-history":[{"count":1,"href":"https:\/\/sigmanto.com\/index.php\/wp-json\/wp\/v2\/pages\/1659\/revisions"}],"predecessor-version":[{"id":1848,"href":"https:\/\/sigmanto.com\/index.php\/wp-json\/wp\/v2\/pages\/1659\/revisions\/1848"}],"wp:attachment":[{"href":"https:\/\/sigmanto.com\/index.php\/wp-json\/wp\/v2\/media?parent=1659"}],"curies":[{"name":"wp","href":"https:\/\/api.w.org\/{rel}","templated":true}]}}