{"id":1697,"date":"2025-02-18T20:03:46","date_gmt":"2025-02-18T19:03:46","guid":{"rendered":"https:\/\/geodev.pl\/?page_id=1697"},"modified":"2026-02-27T12:31:13","modified_gmt":"2026-02-27T11:31:13","slug":"sonda-krzyzakowa-geomil-eurokod-7","status":"publish","type":"page","link":"https:\/\/sigmanto.com\/index.php\/sonda-krzyzakowa-geomil-eurokod-7\/","title":{"rendered":"Sonda krzy\u017cakowa Geomil (Eurokod 7)"},"content":{"rendered":"<p>[tm_pb_section admin_label=&#8221;section&#8221;][tm_pb_row admin_label=&#8221;row&#8221;][tm_pb_column type=&#8221;2_3&#8243;][tm_pb_text admin_label=&#8221;Text&#8221; text_orientation=&#8221;left&#8221; use_border_color=&#8221;off&#8221; border_color=&#8221;#ffffff&#8221; border_style=&#8221;solid&#8221;]<\/p>\n<h2 style=\"text-align: left;\"><strong>NA CZYM POLEGAJ\u0104 BADANIA FVT?<\/strong><\/h2>\n<p>[\/tm_pb_text][tm_pb_text admin_label=&#8221;Text&#8221; text_orientation=&#8221;left&#8221; use_border_color=&#8221;off&#8221; border_color=&#8221;#ffffff&#8221; border_style=&#8221;solid&#8221;]<\/p>\n<p>Sonda krzy\u017cakowa GEOMIL to urz\u0105dzenie pozwalaj\u0105ce na wyznaczenie wytrzyma\u0142o\u015bci na \u015bcinanie bez odp\u0142ywu Su (Tfu) w swojej szczytowej i rezydualnej warto\u015bci. Urz\u0105dzenie z powodzeniem mo\u017ce zast\u0105pi\u0107 badanie tr\u00f3josiowe TXUU (w zakresie napr\u0119\u017ce\u0144 in situ) w gruntach spoistych. Dzi\u0119ki zastosowaniu rur os\u0142onowych, urz\u0105dzenie wysuwa si\u0119 ze specjalnego buta na g\u0142\u0119boko\u015b\u0107 20-30 cm dzi\u0119ki czemu nie wyst\u0119puje tarcie na pobocznicy \u017cerdzi z gruntem (obraca si\u0119 jedynie \u017cerd\u017a wewn\u0119trzna).&nbsp;<\/p>\n<p>Urz\u0105dzenie jest sterowane komputerowo, a za obr\u00f3t sondy odpowiada jednostka z kluczem mierz\u0105cym moment obrotowy. W urz\u0105dzeniu istnieje mo\u017cliwo\u015b\u0107 regulacji pr\u0119dko\u015bci \u015bcinania.&nbsp;<\/p>\n<p>Wykonywanie bada\u0144 FVT stanowi jedyny spos\u00f3b na uzyskanie&nbsp;<strong>bezpo\u015bredniego&nbsp;<\/strong>parametru wytrzyma\u0142o\u015bci na \u015bcinanie Su w terenie, w szczeg\u00f3lno\u015bci pozwalaj\u0105c na przebadanie ca\u0142ego profilu gruntu.<\/p>\n<p>Szczeg\u00f3lnie pomocnym badaniem przy wykonywaniu FVT mo\u017ce si\u0119 okaza\u0107 dylatometr sejsmiczny SPDMT, kt\u00f3ry przy analizie fal pod\u0142u\u017cnych pozwoli na jeszcze poprawniejsz\u0105 interpretacj\u0119.&nbsp;<\/p>\n<p>&nbsp;<\/p>\n<h3>Dlaczego warto wykona\u0107 badania z automatycznym systemem?<\/h3>\n<p>Na rynku dost\u0119pne s\u0105 na og\u00f3\u0142 sondy SLVT, wykonywane r\u0119cznie za pomoc\u0105 klucza dynamometrycznego. Takie rozwi\u0105zanie mo\u017ce prowadzi\u0107 do b\u0142\u0119d\u00f3w w okre\u015bleniu wytrzyma\u0142o\u015bci na \u015bcinanie z powodu wp\u0142ywu tarcia gruntu na kolumn\u0119 \u017cerdzi (zawy\u017cony wynik) oraz subiektywn\u0105 ocen\u0119 operatora sondy w kwestii \u015bci\u0119cia i odczytania prawid\u0142owej warto\u015bci momentu. Maj\u0105 one jednak jedn\u0105 zalet\u0119 &#8211; ich wykonanie jest relatywnie bardzo szybkie. Wed\u0142ug aktualnych bada\u0144, pomiary wykonane r\u0119cznym zestawem mog\u0105 by\u0107 o kilkadziesi\u0105t procent wy\u017csze od tych z systemem automatycznym.<\/p>\n<p>Podstawow\u0105 przewag\u0105 automatycznego systemu jest mo\u017cliwo\u015b\u0107 zadania sta\u0142ej pr\u0119dko\u015bci obrotu oraz ci\u0105g\u0142a i elektroniczna rejestracja momentu obrotowego dzi\u0119ki zastosowanego silnika zintegrowanego z czujnikiem dynamometrycznym. Dodatkowo zastosowanie rur os\u0142onowych ca\u0142kowicie wyklucza wp\u0142yw tarcia, a tym samym wyniki bada\u0144 s\u0105 niezawy\u017cone.&nbsp;<\/p>\n<p>&nbsp;<\/p>\n<h3>Gdzie zaleca si\u0119 stosowa\u0107 badania FVT?<\/h3>\n<p>Badania te, z uwagi na konieczno\u015b\u0107 wykonania oblicze\u0144 wed\u0142ug aktualnej normy europejskiej Eurokod 7, zaleca si\u0119 wykona\u0107 w ka\u017cdym przypadku oblicze\u0144 w warunkach bez odp\u0142ywu dla obiekt\u00f3w budowlanych. W teorii obliczenia te nale\u017cy wykona\u0107 dla ka\u017cdego obiektu budowlanego. W praktyce tak szczeg\u00f3\u0142owe badania wykonuje si\u0119 w z\u0142o\u017conych i skomplikowanych warunkach gruntowych lub dla obiekt\u00f3w II i III kategorii geotechnicznej.<\/p>\n<p>[\/tm_pb_text][tm_pb_image admin_label=&quot;Image&quot; src=&quot;https:\/\/sigmanto.com\/wp-content\/uploads\/2025\/02\/FVT-comprress.jpg&quot; show_in_lightbox=&quot;off&quot; url_new_window=&quot;off&quot; use_overlay=&quot;off&quot; animation=&quot;left&quot; sticky=&quot;off&quot; align=&quot;left&quot; force_fullwidth=&quot;off&quot; always_center_on_mobile=&quot;on&quot; use_border_color=&quot;off&quot; border_color=&quot;#ffffff&quot; border_style=&quot;solid&quot;] [\/tm_pb_image][\/tm_pb_column][tm_pb_column type=&quot;1_3&quot;][tm_pb_image admin_label=&quot;Image&quot; src=&quot;https:\/\/sigmanto.com\/wp-content\/uploads\/2025\/02\/Zrzut-ekranu-2025-02-18-o-19.35.36.png&quot; show_in_lightbox=&quot;off&quot; url_new_window=&quot;off&quot; use_overlay=&quot;off&quot; animation=&quot;left&quot; sticky=&quot;off&quot; align=&quot;left&quot; force_fullwidth=&quot;off&quot; always_center_on_mobile=&quot;on&quot; use_border_color=&quot;off&quot; border_color=&quot;#ffffff&quot; border_style=&quot;solid&quot;] [\/tm_pb_image][\/tm_pb_column][\/tm_pb_row][\/tm_pb_section]<\/p>\n","protected":false},"excerpt":{"rendered":"<p>[tm_pb_section admin_label=&#8221;section&#8221;][tm_pb_row admin_label=&#8221;row&#8221;][tm_pb_column type=&#8221;2_3&#8243;][tm_pb_text admin_label=&#8221;Text&#8221; text_orientation=&#8221;left&#8221; use_border_color=&#8221;off&#8221; border_color=&#8221;#ffffff&#8221; border_style=&#8221;solid&#8221;] NA CZYM POLEGAJ\u0104 BADANIA FVT? [\/tm_pb_text][tm_pb_text admin_label=&#8221;Text&#8221; text_orientation=&#8221;left&#8221; use_border_color=&#8221;off&#8221; border_color=&#8221;#ffffff&#8221; border_style=&#8221;solid&#8221;] Sonda krzy\u017cakowa GEOMIL to urz\u0105dzenie pozwalaj\u0105ce na wyznaczenie wytrzyma\u0142o\u015bci na \u015bcinanie bez odp\u0142ywu Su (Tfu) w swojej szczytowej i rezydualnej warto\u015bci. Urz\u0105dzenie z powodzeniem mo\u017ce zast\u0105pi\u0107 badanie tr\u00f3josiowe TXUU (w zakresie napr\u0119\u017ce\u0144 in situ) w [&hellip;]<\/p>\n","protected":false},"author":2,"featured_media":1703,"parent":0,"menu_order":0,"comment_status":"closed","ping_status":"closed","template":"","meta":{"footnotes":""},"class_list":["post-1697","page","type-page","status-publish","has-post-thumbnail","hentry"],"_links":{"self":[{"href":"https:\/\/sigmanto.com\/index.php\/wp-json\/wp\/v2\/pages\/1697","targetHints":{"allow":["GET"]}}],"collection":[{"href":"https:\/\/sigmanto.com\/index.php\/wp-json\/wp\/v2\/pages"}],"about":[{"href":"https:\/\/sigmanto.com\/index.php\/wp-json\/wp\/v2\/types\/page"}],"author":[{"embeddable":true,"href":"https:\/\/sigmanto.com\/index.php\/wp-json\/wp\/v2\/users\/2"}],"replies":[{"embeddable":true,"href":"https:\/\/sigmanto.com\/index.php\/wp-json\/wp\/v2\/comments?post=1697"}],"version-history":[{"count":1,"href":"https:\/\/sigmanto.com\/index.php\/wp-json\/wp\/v2\/pages\/1697\/revisions"}],"predecessor-version":[{"id":1843,"href":"https:\/\/sigmanto.com\/index.php\/wp-json\/wp\/v2\/pages\/1697\/revisions\/1843"}],"wp:featuredmedia":[{"embeddable":true,"href":"https:\/\/sigmanto.com\/index.php\/wp-json\/"}],"wp:attachment":[{"href":"https:\/\/sigmanto.com\/index.php\/wp-json\/wp\/v2\/media?parent=1697"}],"curies":[{"name":"wp","href":"https:\/\/api.w.org\/{rel}","templated":true}]}}