{"id":657,"date":"2020-06-11T11:54:42","date_gmt":"2020-06-11T09:54:42","guid":{"rendered":"http:\/\/geodev.pl\/?page_id=657"},"modified":"2026-02-27T12:31:13","modified_gmt":"2026-02-27T11:31:13","slug":"sonda-statyczna-cptu-pagani-tg-63-200-uslugi-geologiczne","status":"publish","type":"page","link":"https:\/\/sigmanto.com\/index.php\/sonda-statyczna-cptu-pagani-tg-63-200-uslugi-geologiczne\/","title":{"rendered":"Sonda statyczna CPTU Pagani TG 63-200 | Us\u0142ugi geologiczne"},"content":{"rendered":"<p>[tm_pb_section admin_label=&#8221;section&#8221; transparent_background=&#8221;on&#8221; allow_player_pause=&#8221;off&#8221; inner_shadow=&#8221;off&#8221; parallax=&#8221;off&#8221; parallax_method=&#8221;off&#8221; custom_padding=&#8221;0px|||&#8221; make_fullwidth=&#8221;off&#8221; use_custom_width=&#8221;off&#8221; width_unit=&#8221;on&#8221; make_equal=&#8221;off&#8221; use_custom_gutter=&#8221;off&#8221;][tm_pb_row admin_label=&#8221;Row&#8221; make_fullwidth=&#8221;off&#8221; use_custom_width=&#8221;off&#8221; use_grid_padding=&#8221;on&#8221; width_unit=&#8221;on&#8221; padding_mobile=&#8221;off&#8221; custom_margin=&#8221;50px|||&#8221; allow_player_pause=&#8221;off&#8221; parallax=&#8221;off&#8221; parallax_method=&#8221;off&#8221; make_equal=&#8221;off&#8221; parallax_1=&#8221;off&#8221; parallax_method_1=&#8221;off&#8221; vertical_alligment_1=&#8221;start&#8221; responsive_laptop_1=&#8221;inherit&#8221; responsive_tablet_1=&#8221;inherit&#8221; responsive_phone_1=&#8221;inherit&#8221; order_laptop_1=&#8221;1&#8243; order_tablet_1=&#8221;1&#8243; order_phone_1=&#8221;1&#8243; column_padding_mobile=&#8221;on&#8221; parallax_2=&#8221;off&#8221; parallax_method_2=&#8221;off&#8221; vertical_alligment_2=&#8221;center&#8221; responsive_laptop_2=&#8221;inherit&#8221; responsive_tablet_2=&#8221;inherit&#8221; responsive_phone_2=&#8221;inherit&#8221; order_laptop_2=&#8221;2&#8243; order_tablet_2=&#8221;2&#8243; order_phone_2=&#8221;2&#8243;][tm_pb_column type=&#8221;4_4&#8243;][tm_pb_text admin_label=&#8221;Text&#8221; text_orientation=&#8221;left&#8221; use_border_color=&#8221;off&#8221; border_color=&#8221;#ffffff&#8221; border_style=&#8221;solid&#8221; module_class=&#8221;dark&#8221;]<\/p>\n<h3>Sonda statyczna CPTU<br \/>\nPagani TG 63-200<\/h3>\n<p>[\/tm_pb_text][\/tm_pb_column][\/tm_pb_row][\/tm_pb_section][tm_pb_section admin_label=&#8221;section&#8221; transparent_background=&#8221;on&#8221; allow_player_pause=&#8221;off&#8221; inner_shadow=&#8221;off&#8221; parallax=&#8221;off&#8221; parallax_method=&#8221;off&#8221; custom_padding=&#8221;0px||40px|&#8221; make_fullwidth=&#8221;off&#8221; use_custom_width=&#8221;off&#8221; width_unit=&#8221;on&#8221; make_equal=&#8221;off&#8221; use_custom_gutter=&#8221;off&#8221;][tm_pb_row admin_label=&#8221;Row&#8221; make_fullwidth=&#8221;off&#8221; use_custom_width=&#8221;off&#8221; use_grid_padding=&#8221;on&#8221; width_unit=&#8221;on&#8221; padding_mobile=&#8221;off&#8221; custom_margin=&#8221;50px|||&#8221; allow_player_pause=&#8221;off&#8221; parallax=&#8221;off&#8221; parallax_method=&#8221;off&#8221; make_equal=&#8221;off&#8221; parallax_1=&#8221;off&#8221; parallax_method_1=&#8221;off&#8221; vertical_alligment_1=&#8221;start&#8221; responsive_laptop_1=&#8221;inherit&#8221; responsive_tablet_1=&#8221;inherit&#8221; responsive_phone_1=&#8221;inherit&#8221; order_laptop_1=&#8221;1&#8243; order_tablet_1=&#8221;1&#8243; order_phone_1=&#8221;1&#8243; parallax_2=&#8221;off&#8221; parallax_method_2=&#8221;off&#8221; vertical_alligment_2=&#8221;start&#8221; responsive_laptop_2=&#8221;inherit&#8221; responsive_tablet_2=&#8221;inherit&#8221; responsive_phone_2=&#8221;inherit&#8221; order_laptop_2=&#8221;2&#8243; order_tablet_2=&#8221;2&#8243; order_phone_2=&#8221;2&#8243; column_padding_mobile=&#8221;on&#8221;][tm_pb_column type=&#8221;2_3&#8243;][tm_pb_text admin_label=&#8221;Text&#8221; text_orientation=&#8221;left&#8221; use_border_color=&#8221;off&#8221; border_color=&#8221;#ffffff&#8221; border_style=&#8221;solid&#8221; custom_margin=&#8221;30px||40px|&#8221;]<\/p>\n<p>Badania geotechniczne in-situ stanowi\u0105 podstaw\u0119 dokumentowania geotechnicznego zaraz obok samych wierce\u0144. <strong>Sondowania CPTU<\/strong> spe\u0142niaj\u0105 najbardziej restrykcyjne wymogi dotycz\u0105ce parametr\u00f3w wytrzyma\u0142o\u015bciowych i odkszta\u0142ceniowych grunt\u00f3w. Zgodnie z wynikami najnowszych bada\u0144 por\u00f3wnawczych, zrezygnowali\u015bmy z u\u017cycia starszej technologii <strong>sondowania CPT sto\u017ckiem Begemanna<\/strong>, kt\u00f3ry jest podatny m.in. na negatywny wp\u0142yw tarcia \u017cerdzi zewn\u0119trznych o wewn\u0119trzne przy braku kontroli pionowo\u015bci pomiaru, z uwagi na nisk\u0105 rozdzielczo\u015b\u0107 pomiaru w pionie (pomiar nast\u0119puje co 20 cm) oraz brak uwzgl\u0119dniania rzeczywistego ci\u015bnienia porowego w interpretacji wynik\u00f3w.<br \/>\nPodczas bada\u0144 CPTU przy u\u017cyciu piezosto\u017cka z elektrycznym pomiarem oporu na sto\u017cku, tarcia na pobocznicy i pomiaru ci\u015bnienia porowego, w naturalnych warunkach mo\u017cliwe jest zbadanie najbardziej rzeczywistych parametr\u00f3w gruntu, z uwzgl\u0119dnieniem wilgotno\u015bci, uziarnienia oraz napr\u0119\u017ce\u0144. Dane podstawowe wy\u015bwietlane s\u0105 na wy\u015bwietlaczu w czasie rzeczywistym podczas pomiaru. Wszystko to umo\u017cliwia wyprowadzenie parametr\u00f3w zgodnie z obowi\u0105zuj\u0105c\u0105 norm\u0105 Eurokod 7.<\/p>\n<p>W\u0142oska firma wprowadzi\u0142a w nowej wersji szereg udoskonale\u0144 m.in. mo\u017cliwo\u015b\u0107 u\u017cycia dodatkowej pompy hydraulicznej podczas pomiaru, umo\u017cliwiaj\u0105c uzyskanie si\u0142y nacisku 20 ton oraz uzyskanie o 25% zwi\u0119kszonej g\u0142\u0119boko\u015bci kotwienia. Sonda CPTU firmy Pagani spe\u0142nia wymogi wszelkich norm.<\/p>\n<p><strong>Do ka\u017cdego badania do\u0142\u0105czamy dokumenty kalibracji sto\u017cka.<\/strong><\/p>\n<p>[\/tm_pb_text][\/tm_pb_column][tm_pb_column type=&#8221;1_3&#8243;][tm_pb_image admin_label=&#8221;Image&#8221; src=&#8221;http:\/\/geodev.pl\/wp-content\/uploads\/2020\/06\/sonda-CPTU-PAGANI.jpg&#8221; show_in_lightbox=&#8221;off&#8221; url_new_window=&#8221;off&#8221; use_overlay=&#8221;off&#8221; animation=&#8221;off&#8221; sticky=&#8221;off&#8221; align=&#8221;center&#8221; force_fullwidth=&#8221;off&#8221; always_center_on_mobile=&#8221;on&#8221; use_border_color=&#8221;off&#8221; border_color=&#8221;#ffffff&#8221; border_style=&#8221;solid&#8221;] [\/tm_pb_image][\/tm_pb_column][\/tm_pb_row][tm_pb_row admin_label=&#8221;Row&#8221; make_fullwidth=&#8221;off&#8221; use_custom_width=&#8221;off&#8221; use_grid_padding=&#8221;on&#8221; width_unit=&#8221;on&#8221; padding_mobile=&#8221;off&#8221; custom_margin=&#8221;50px|||&#8221; allow_player_pause=&#8221;off&#8221; parallax=&#8221;off&#8221; parallax_method=&#8221;off&#8221; make_equal=&#8221;off&#8221; parallax_1=&#8221;off&#8221; parallax_method_1=&#8221;off&#8221; vertical_alligment_1=&#8221;start&#8221; responsive_laptop_1=&#8221;inherit&#8221; responsive_tablet_1=&#8221;inherit&#8221; responsive_phone_1=&#8221;inherit&#8221; order_laptop_1=&#8221;1&#8243; order_tablet_1=&#8221;1&#8243; order_phone_1=&#8221;1&#8243; parallax_2=&#8221;off&#8221; parallax_method_2=&#8221;off&#8221; vertical_alligment_2=&#8221;start&#8221; responsive_laptop_2=&#8221;inherit&#8221; responsive_tablet_2=&#8221;inherit&#8221; responsive_phone_2=&#8221;inherit&#8221; order_laptop_2=&#8221;2&#8243; order_tablet_2=&#8221;2&#8243; order_phone_2=&#8221;2&#8243; parallax_3=&#8221;off&#8221; parallax_method_3=&#8221;off&#8221; vertical_alligment_3=&#8221;center&#8221; responsive_laptop_3=&#8221;inherit&#8221; responsive_tablet_3=&#8221;inherit&#8221; responsive_phone_3=&#8221;inherit&#8221; order_laptop_3=&#8221;3&#8243; order_tablet_3=&#8221;3&#8243; order_phone_3=&#8221;3&#8243; column_padding_mobile=&#8221;on&#8221;][tm_pb_column type=&#8221;1_3&#8243;][tm_pb_text admin_label=&#8221;Text&#8221; text_orientation=&#8221;left&#8221; use_border_color=&#8221;off&#8221; border_color=&#8221;#ffffff&#8221; border_style=&#8221;solid&#8221;]<\/p>\n<p><strong>Podczas sondowania rejestrowane s\u0105 nast\u0119puj\u0105ce parametry:<\/strong><\/p>\n<ul>\n<li>Op\u00f3r pod sto\u017ckiem [Qc]<\/li>\n<li>Tarcie na pobocznicy sto\u017cka [Fs]<\/li>\n<li>Ci\u015bnienie porowe gruntu [U]<\/li>\n<li>G\u0142\u0119boko\u015b\u0107 [cm]<\/li>\n<li>Inklinacja<\/li>\n<\/ul>\n<p>[\/tm_pb_text][\/tm_pb_column][tm_pb_column type=&#8221;1_3&#8243;][tm_pb_text admin_label=&#8221;Text&#8221; text_orientation=&#8221;left&#8221; use_border_color=&#8221;off&#8221; border_color=&#8221;#ffffff&#8221; border_style=&#8221;solid&#8221;]<\/p>\n<p><strong>Parametry jakie mo\u017cna uzyska\u0107 na podstawie sondowania CPTU:<\/strong><\/p>\n<ul>\n<li>Stopie\u0144 plastyczno\u015bci [IL]<\/li>\n<li>Stopie\u0144 zag\u0119szczenia [ID]<\/li>\n<li>Efektywny k\u0105t tarcia wewn\u0119trznego [\u03c6&#8217;]<\/li>\n<li>Wsp\u00f3\u0142czynnik rozporu bocznego [Ko]<\/li>\n<li>Napr\u0119\u017cenie prekonsolidacyjne [\u03c3\u2019p]<\/li>\n<li>Wra\u017cliwo\u015b\u0107 [St]<\/li>\n<li>Wytrzyma\u0142o\u015b\u0107 na \u015bcinanie [Su]<\/li>\n<li>Modu\u0142 edometryczny \u015bci\u015bliwo\u015bci wt\u00f3rnej [Eoed]<\/li>\n<li>Modu\u0142 \u015bci\u015bliwo\u015bci [M]<\/li>\n<li>Wsp\u00f3\u0142czynnik filtracji w kierunku poziomym [k<sub>h<\/sub>] oraz warto\u015b\u0107 aktualnego ci\u015bnienia wody w danej warstwie gruntu (na podstawie testu dyssypacji)<\/li>\n<\/ul>\n<p>[\/tm_pb_text][\/tm_pb_column][tm_pb_column type=&#8221;1_3&#8243;][tm_pb_image admin_label=&#8221;Image&#8221; src=&#8221;http:\/\/geodev.pl\/wp-content\/uploads\/2020\/06\/sonda_pagani.jpg&#8221; show_in_lightbox=&#8221;off&#8221; url_new_window=&#8221;off&#8221; use_overlay=&#8221;off&#8221; animation=&#8221;off&#8221; sticky=&#8221;off&#8221; align=&#8221;center&#8221; force_fullwidth=&#8221;off&#8221; always_center_on_mobile=&#8221;on&#8221; use_border_color=&#8221;off&#8221; border_color=&#8221;#ffffff&#8221; border_style=&#8221;solid&#8221;] [\/tm_pb_image][\/tm_pb_column][\/tm_pb_row][\/tm_pb_section][tm_pb_section admin_label=&#8221;Section&#8221; fullwidth=&#8221;off&#8221; specialty=&#8221;off&#8221;][tm_pb_row admin_label=&#8221;Row&#8221;][tm_pb_column type=&#8221;4_4&#8243;][tm_pb_text admin_label=&#8221;Text&#8221; text_orientation=&#8221;left&#8221; use_border_color=&#8221;off&#8221; border_color=&#8221;#ffffff&#8221; border_style=&#8221;solid&#8221;]<\/p>\n<p>[ngg src=&#8221;galleries&#8221; ids=&#8221;2&#8243; display=&#8221;basic_thumbnail&#8221; thumbnail_crop=&#8221;0&#8243; number_of_columns=&#8221;5&#8243;][\/tm_pb_text][\/tm_pb_column][\/tm_pb_row][\/tm_pb_section]<\/p>\n","protected":false},"excerpt":{"rendered":"<p>[tm_pb_section admin_label=&#8221;section&#8221; transparent_background=&#8221;on&#8221; allow_player_pause=&#8221;off&#8221; inner_shadow=&#8221;off&#8221; parallax=&#8221;off&#8221; parallax_method=&#8221;off&#8221; custom_padding=&#8221;0px|||&#8221; make_fullwidth=&#8221;off&#8221; use_custom_width=&#8221;off&#8221; width_unit=&#8221;on&#8221; make_equal=&#8221;off&#8221; use_custom_gutter=&#8221;off&#8221;][tm_pb_row admin_label=&#8221;Row&#8221; make_fullwidth=&#8221;off&#8221; use_custom_width=&#8221;off&#8221; use_grid_padding=&#8221;on&#8221; width_unit=&#8221;on&#8221; padding_mobile=&#8221;off&#8221; custom_margin=&#8221;50px|||&#8221; allow_player_pause=&#8221;off&#8221; parallax=&#8221;off&#8221; parallax_method=&#8221;off&#8221; make_equal=&#8221;off&#8221; parallax_1=&#8221;off&#8221; parallax_method_1=&#8221;off&#8221; vertical_alligment_1=&#8221;start&#8221; responsive_laptop_1=&#8221;inherit&#8221; responsive_tablet_1=&#8221;inherit&#8221; responsive_phone_1=&#8221;inherit&#8221; order_laptop_1=&#8221;1&#8243; order_tablet_1=&#8221;1&#8243; order_phone_1=&#8221;1&#8243; column_padding_mobile=&#8221;on&#8221; parallax_2=&#8221;off&#8221; parallax_method_2=&#8221;off&#8221; vertical_alligment_2=&#8221;center&#8221; responsive_laptop_2=&#8221;inherit&#8221; responsive_tablet_2=&#8221;inherit&#8221; responsive_phone_2=&#8221;inherit&#8221; order_laptop_2=&#8221;2&#8243; order_tablet_2=&#8221;2&#8243; order_phone_2=&#8221;2&#8243;][tm_pb_column type=&#8221;4_4&#8243;][tm_pb_text admin_label=&#8221;Text&#8221; text_orientation=&#8221;left&#8221; use_border_color=&#8221;off&#8221; border_color=&#8221;#ffffff&#8221; border_style=&#8221;solid&#8221; module_class=&#8221;dark&#8221;] Sonda statyczna CPTU Pagani TG [&hellip;]<\/p>\n","protected":false},"author":1,"featured_media":0,"parent":0,"menu_order":0,"comment_status":"closed","ping_status":"closed","template":"","meta":{"footnotes":""},"class_list":["post-657","page","type-page","status-publish","hentry"],"_links":{"self":[{"href":"https:\/\/sigmanto.com\/index.php\/wp-json\/wp\/v2\/pages\/657","targetHints":{"allow":["GET"]}}],"collection":[{"href":"https:\/\/sigmanto.com\/index.php\/wp-json\/wp\/v2\/pages"}],"about":[{"href":"https:\/\/sigmanto.com\/index.php\/wp-json\/wp\/v2\/types\/page"}],"author":[{"embeddable":true,"href":"https:\/\/sigmanto.com\/index.php\/wp-json\/wp\/v2\/users\/1"}],"replies":[{"embeddable":true,"href":"https:\/\/sigmanto.com\/index.php\/wp-json\/wp\/v2\/comments?post=657"}],"version-history":[{"count":1,"href":"https:\/\/sigmanto.com\/index.php\/wp-json\/wp\/v2\/pages\/657\/revisions"}],"predecessor-version":[{"id":1844,"href":"https:\/\/sigmanto.com\/index.php\/wp-json\/wp\/v2\/pages\/657\/revisions\/1844"}],"wp:attachment":[{"href":"https:\/\/sigmanto.com\/index.php\/wp-json\/wp\/v2\/media?parent=657"}],"curies":[{"name":"wp","href":"https:\/\/api.w.org\/{rel}","templated":true}]}}