{"id":910,"date":"2021-06-10T11:03:13","date_gmt":"2021-06-10T09:03:13","guid":{"rendered":"https:\/\/geodev.pl\/?page_id=910"},"modified":"2026-02-27T12:31:12","modified_gmt":"2026-02-27T11:31:12","slug":"dokumentacja-badan-podloza-gruntowego","status":"publish","type":"page","link":"https:\/\/sigmanto.com\/index.php\/dokumentacja-badan-podloza-gruntowego\/","title":{"rendered":"Dokumentacja bada\u0144 pod\u0142o\u017ca gruntowego"},"content":{"rendered":"<p>[tm_pb_section admin_label=&#8221;section&#8221;][tm_pb_row admin_label=&#8221;Row&#8221; make_fullwidth=&#8221;off&#8221; use_custom_width=&#8221;off&#8221; use_grid_padding=&#8221;on&#8221; width_unit=&#8221;on&#8221; padding_mobile=&#8221;off&#8221; custom_margin=&#8221;30px||50px|&#8221; allow_player_pause=&#8221;off&#8221; parallax=&#8221;off&#8221; parallax_method=&#8221;off&#8221; make_equal=&#8221;off&#8221; parallax_1=&#8221;off&#8221; parallax_method_1=&#8221;off&#8221; vertical_alligment_1=&#8221;start&#8221; responsive_laptop_1=&#8221;inherit&#8221; responsive_tablet_1=&#8221;inherit&#8221; responsive_phone_1=&#8221;inherit&#8221; order_laptop_1=&#8221;1&#8243; order_tablet_1=&#8221;1&#8243; order_phone_1=&#8221;1&#8243; column_padding_mobile=&#8221;on&#8221;][tm_pb_column type=&#8221;4_4&#8243;][tm_pb_text admin_label=&#8221;Text&#8221; text_orientation=&#8221;center&#8221; use_border_color=&#8221;off&#8221; border_color=&#8221;#ffffff&#8221; border_style=&#8221;solid&#8221;]<\/p>\n<h2><strong>Dokumentacja bada\u0144 pod\u0142o\u017ca gruntowego<\/strong><\/h2>\n<p>[\/tm_pb_text][\/tm_pb_column][\/tm_pb_row][tm_pb_row admin_label=&#8221;row&#8221;][tm_pb_column type=&#8221;2_3&#8243;][tm_pb_text admin_label=&#8221;Text&#8221; text_orientation=&#8221;left&#8221; disabled=&#8221;off&#8221; disabled_on=&#8221;off|off|off|off&#8221; use_border_color=&#8221;off&#8221; border_color=&#8221;#ffffff&#8221; border_style=&#8221;solid&#8221;]<\/p>\n<p>Ka\u017cdy dom, budynek czy inna budowlana inwestycja wymaga u\u017cycia odpowiednich fundament\u00f3w. Jednak grunt, na kt\u00f3rym po\u0142o\u017cona jest dzia\u0142ka, mo\u017ce mie\u0107 r\u00f3\u017cne w\u0142a\u015bciwo\u015bci i nale\u017cy dok\u0142adnie je zbada\u0107. Jest to szczeg\u00f3lnie wskazane dla II i III kategorii geotechnicznej oraz w z\u0142o\u017conych lub skomplikowanych warunkach gruntowych. Ponadto warto wykona\u0107 badania polowe, opr\u00f3cz samych wierce\u0144 geotechnicznych, dla takiej inwestycji jak dom jednorodzinny (I kategoria geotechniczna). Robi si\u0119 to, aby wiedzie\u0107, jak bardzo b\u0119dziemy musieli ingerowa\u0107 w grunt, \u017ceby wybudowa\u0107 konkretny obiekt oraz w celu przygotowaniu odpowiedniego kosztorysu fundament\u00f3w.<\/p>\n<h2>Dokumentacja bada\u0144 pod\u0142o\u017ca gruntowego \u2013 kiedy jest potrzebna?<\/h2>\n<p>Zlecaj\u0105c firmie budow\u0119 domu czy innego rodzaju konstrukcji, niezb\u0119dne jest zapoznanie si\u0119 z w\u0142a\u015bciwo\u015bciami fizycznymi i mechanicznymi gruntu, na jakim stawiany b\u0119dzie budynek. Zazwyczaj <strong>opinia geotechniczna <\/strong>tworzona jest ju\u017c na etapie <strong>wst\u0119pnym projektu budowy, <\/strong>a <strong>dokumentacj\u0119 bada\u0144 pod\u0142o\u017ca gruntowego<\/strong> wykonuje si\u0119 w kolejnym etapie w sytuacjach tego wymagaj\u0105cych. Posadawianie fundament\u00f3w zale\u017cy bowiem od rodzaju gruntu i zdarza si\u0119, \u017ce bardzo wymagaj\u0105ce pod\u0142o\u017ce b\u0119dzie musia\u0142o by\u0107 wzmocnione o specjalne konstrukcje, jak pale czy te\u017c b\u0119dzie wymaga\u0107 r\u00f3\u017cnych sposob\u00f3w zag\u0119szczenia gruntu, stosowania geosyntetyk\u00f3w lub konieczna jest wymiana gruntu. Je\u015bli jednak zlecimy odpowiedniej firmie badania pod\u0142o\u017ca gruntowego i opracujemy <strong>dokumentacj\u0119 bada\u0144 pod\u0142o\u017ca gruntowego<\/strong>, mo\u017cemy zastanowi\u0107 si\u0119 jeszcze raz,&nbsp;<strong>czy na danym terenie budowa jakiegokolwiek obiektu jest ekonomicznie wyt\u0142umaczona lub, czy te\u017c da si\u0119 zaoszcz\u0119dzi\u0107 na kosztach budowy<\/strong>. Dokumentacje bada\u0144 pod\u0142o\u017ca gruntowego s\u0105 bardziej szczeg\u00f3\u0142owym opracowaniem od <strong>opinii geotechnicznej<\/strong> i zawieraj\u0105 konkretne, wymagane dla danej konstrukcji, parametry gruntu. Zar\u00f3wno dokumentacje geotechniczne, jak i <a href=\"\/opinie-geotechniczne\/\">opinie geotechniczne<\/a> to profesjonalne analizy, kt\u00f3re pomog\u0105 dok\u0142adnie oszacowa\u0107 w\u0142a\u015bciwo\u015bci gruntu, na kt\u00f3rym b\u0119dzie budowana inwestycja. Nale\u017cy pami\u0119ta\u0107, \u017ce opinia geotechniczna to podstawowe opracowanie, a ka\u017cdorazowo dokumentacja bada\u0144 pod\u0142o\u017ca gruntowego wymaga specjalistycznych bada\u0144 geotechnicznych gruntu.<\/p>\n<h2>Na czym polegaj\u0105 dokumentacje bada\u0144 pod\u0142o\u017ca gruntowego?<\/h2>\n<p>Dokumentacje bada\u0144 pod\u0142o\u017ca gruntowego maj\u0105 jasno okre\u015blone zasady i s\u0105 zbudowane z dw\u00f3ch cz\u0119\u015bci. Na badanie pod\u0142o\u017ca gruntowego sk\u0142ada si\u0119 cz\u0119\u015b\u0107 opisowa oraz cz\u0119\u015b\u0107 graficzna. W formie pisemnej przedstawiane s\u0105 przede wszystkim: opis inwestycji, metodyka bada\u0144 pod\u0142o\u017ca gruntowego, wykaz warstw geotechnicznych, okre\u015blenie warunk\u00f3w hydrogeologicznych, wskazanie zagro\u017ce\u0144 ze strony g\u00f3rnictwa, tektoniki lub krasu, wnioski i zalecenia. Analiza grunt\u00f3w zawiera w sobie&nbsp;<strong>rozpoznanie warunk\u00f3w gruntowych i gruntowo-wodnych na danej powierzchni terenu<\/strong>, wydzielenie i&nbsp;<strong>wskazanie warstw gruntu<\/strong>&nbsp;o zr\u00f3\u017cnicowanej litologii, stratygrafii i parametrach,&nbsp;<strong>okre\u015blenie kategorii geotechnicznej<\/strong>, a tak\u017ce opracowanie wniosk\u00f3w i zalece\u0144. Na cz\u0119\u015b\u0107 graficzn\u0105 natomiast sk\u0142adaj\u0105 si\u0119: mapa orientacyjna i dokumentacyjna, karty otwor\u00f3w geotechnicznych, przekroje geotechniczne, wyniki bada\u0144 przedstawione w formie wykres\u00f3w lub tabelarycznej.<\/p>\n<p>Do dokumentacji bada\u0144 pod\u0142o\u017ca gruntowego nale\u017cy opracowa\u0107&nbsp;<strong>projekt geotechniczny,&nbsp;<\/strong>kt\u00f3ry powinien uwzgl\u0119dnia\u0107 obliczenia oporu pod\u0142o\u017ca, stateczno\u015bci skarp lub wykopu, stateczno\u015bci dna wykopu, obliczenia osiada\u0144 itp., st\u0105d te\u017c konieczna jest w tym zakresie konstruktora osob\u0105 opracowuj\u0105c\u0105 dokumentacj\u0119 geotechniczn\u0105.<\/p>\n<h2>Kto mo\u017ce wykona\u0107 badanie pod\u0142o\u017ca gruntowego?<\/h2>\n<p>Wykonanie specjalistycznego i dok\u0142adnego badania pod\u0142o\u017ca gruntowego to domena profesjonalist\u00f3w. Co prawda same dokumentacje bada\u0144 pod\u0142o\u017ca gruntowego czy te\u017c opinie geotechniczne nie podlegaj\u0105 zatwierdzeniu przez specjalne organy (dokumentacje geologiczno-in\u017cynierskie ju\u017c tak), jednak warto podkre\u015bli\u0107, \u017ce badania pod\u0142o\u017ca gruntowego powinny by\u0107 wykonane przez firmy b\u0105d\u017a instytucje, kt\u00f3re <strong>dysponuj\u0105 wiedz\u0105 oraz sprz\u0119tem niezb\u0119dnymi do przeprowadzenia rzetelnych bada\u0144 pod\u0142o\u017ca gruntowego<\/strong>. Dodatkowo ka\u017cdorazowo konieczna jest ich \u015bcis\u0142a wsp\u00f3\u0142praca z konstruktorem.<\/p>\n<p>[\/tm_pb_text][\/tm_pb_column][tm_pb_column type=&quot;1_3&quot;][tm_pb_image admin_label=&quot;Image&quot; src=&quot;https:\/\/sigmanto.com\/wp-content\/uploads\/2021\/06\/grunt-badania-podloza-gruntowego.jpg&quot; alt=&quot;Dokumentacja bada\u0144 pod\u0142o\u017ca gruntowego&quot; title_text=&quot;Przygotowanie dokuemntacji bada\u0144 pod\u0142o\u017ca gruntowego&quot; show_in_lightbox=&quot;on&quot; url_new_window=&quot;off&quot; use_overlay=&quot;off&quot; animation=&quot;left&quot; sticky=&quot;off&quot; align=&quot;left&quot; force_fullwidth=&quot;off&quot; always_center_on_mobile=&quot;on&quot; use_border_color=&quot;off&quot; border_color=&quot;#ffffff&quot; border_style=&quot;solid&quot; custom_margin=&quot;100px|||&quot;] [\/tm_pb_image][\/tm_pb_column][\/tm_pb_row][tm_pb_row admin_label=&quot;Row&quot; make_fullwidth=&quot;off&quot; use_custom_width=&quot;off&quot; use_grid_padding=&quot;on&quot; width_unit=&quot;on&quot; padding_mobile=&quot;off&quot; custom_margin=&quot;50px|||&quot; allow_player_pause=&quot;off&quot; parallax=&quot;off&quot; parallax_method=&quot;off&quot; make_equal=&quot;off&quot; parallax_1=&quot;off&quot; parallax_method_1=&quot;off&quot; vertical_alligment_1=&quot;start&quot; responsive_laptop_1=&quot;inherit&quot; responsive_tablet_1=&quot;inherit&quot; responsive_phone_1=&quot;inherit&quot; order_laptop_1=&quot;1&quot; order_tablet_1=&quot;1&quot; order_phone_1=&quot;1&quot; column_padding_mobile=&quot;on&quot;][tm_pb_column type=&quot;4_4&quot;][tm_pb_button admin_label=&quot;Button&quot; button_url=&quot;\/kontakt&quot; url_new_window=&quot;on&quot; button_text=&quot;Dowiedz si\u0119 wi\u0119cej o dokumentacji bada\u0144 pod\u0142o\u017ca gruntowego&quot; button_alignment=&quot;left&quot; custom_button=&quot;on&quot; button_letter_spacing=&quot;0&quot; button_use_icon=&quot;default&quot; button_icon_placement=&quot;right&quot; button_on_hover=&quot;on&quot; button_letter_spacing_hover=&quot;0&quot; button_text_size=&quot;25&quot;] [\/tm_pb_button][\/tm_pb_column][\/tm_pb_row][tm_pb_row admin_label=&quot;Row&quot;][\/tm_pb_row][\/tm_pb_section]<\/p>\n","protected":false},"excerpt":{"rendered":"<p>[tm_pb_section admin_label=&#8221;section&#8221;][tm_pb_row admin_label=&#8221;Row&#8221; make_fullwidth=&#8221;off&#8221; use_custom_width=&#8221;off&#8221; use_grid_padding=&#8221;on&#8221; width_unit=&#8221;on&#8221; padding_mobile=&#8221;off&#8221; custom_margin=&#8221;30px||50px|&#8221; allow_player_pause=&#8221;off&#8221; parallax=&#8221;off&#8221; parallax_method=&#8221;off&#8221; make_equal=&#8221;off&#8221; parallax_1=&#8221;off&#8221; parallax_method_1=&#8221;off&#8221; vertical_alligment_1=&#8221;start&#8221; responsive_laptop_1=&#8221;inherit&#8221; responsive_tablet_1=&#8221;inherit&#8221; responsive_phone_1=&#8221;inherit&#8221; order_laptop_1=&#8221;1&#8243; order_tablet_1=&#8221;1&#8243; order_phone_1=&#8221;1&#8243; column_padding_mobile=&#8221;on&#8221;][tm_pb_column type=&#8221;4_4&#8243;][tm_pb_text admin_label=&#8221;Text&#8221; text_orientation=&#8221;center&#8221; use_border_color=&#8221;off&#8221; border_color=&#8221;#ffffff&#8221; border_style=&#8221;solid&#8221;] Dokumentacja bada\u0144 pod\u0142o\u017ca gruntowego [\/tm_pb_text][\/tm_pb_column][\/tm_pb_row][tm_pb_row admin_label=&#8221;row&#8221;][tm_pb_column type=&#8221;2_3&#8243;][tm_pb_text admin_label=&#8221;Text&#8221; text_orientation=&#8221;left&#8221; disabled=&#8221;off&#8221; disabled_on=&#8221;off|off|off|off&#8221; use_border_color=&#8221;off&#8221; border_color=&#8221;#ffffff&#8221; border_style=&#8221;solid&#8221;] Ka\u017cdy dom, budynek czy inna budowlana inwestycja wymaga u\u017cycia odpowiednich fundament\u00f3w. Jednak [&hellip;]<\/p>\n","protected":false},"author":1,"featured_media":0,"parent":0,"menu_order":0,"comment_status":"closed","ping_status":"closed","template":"","meta":{"footnotes":""},"class_list":["post-910","page","type-page","status-publish","hentry"],"_links":{"self":[{"href":"https:\/\/sigmanto.com\/index.php\/wp-json\/wp\/v2\/pages\/910","targetHints":{"allow":["GET"]}}],"collection":[{"href":"https:\/\/sigmanto.com\/index.php\/wp-json\/wp\/v2\/pages"}],"about":[{"href":"https:\/\/sigmanto.com\/index.php\/wp-json\/wp\/v2\/types\/page"}],"author":[{"embeddable":true,"href":"https:\/\/sigmanto.com\/index.php\/wp-json\/wp\/v2\/users\/1"}],"replies":[{"embeddable":true,"href":"https:\/\/sigmanto.com\/index.php\/wp-json\/wp\/v2\/comments?post=910"}],"version-history":[{"count":1,"href":"https:\/\/sigmanto.com\/index.php\/wp-json\/wp\/v2\/pages\/910\/revisions"}],"predecessor-version":[{"id":1828,"href":"https:\/\/sigmanto.com\/index.php\/wp-json\/wp\/v2\/pages\/910\/revisions\/1828"}],"wp:attachment":[{"href":"https:\/\/sigmanto.com\/index.php\/wp-json\/wp\/v2\/media?parent=910"}],"curies":[{"name":"wp","href":"https:\/\/api.w.org\/{rel}","templated":true}]}}