{"id":923,"date":"2021-06-10T11:28:46","date_gmt":"2021-06-10T09:28:46","guid":{"rendered":"https:\/\/geodev.pl\/?page_id=923"},"modified":"2026-02-27T12:31:12","modified_gmt":"2026-02-27T11:31:12","slug":"analiza-statecznosci-skarpy","status":"publish","type":"page","link":"https:\/\/sigmanto.com\/index.php\/analiza-statecznosci-skarpy\/","title":{"rendered":"Analiza stateczno\u015bci skarpy"},"content":{"rendered":"<p>[tm_pb_section admin_label=&#8221;section&#8221;][tm_pb_row admin_label=&#8221;Row&#8221; make_fullwidth=&#8221;off&#8221; use_custom_width=&#8221;off&#8221; use_grid_padding=&#8221;on&#8221; width_unit=&#8221;on&#8221; padding_mobile=&#8221;off&#8221; custom_margin=&#8221;30px||50px|&#8221; allow_player_pause=&#8221;off&#8221; parallax=&#8221;off&#8221; parallax_method=&#8221;off&#8221; make_equal=&#8221;off&#8221; parallax_1=&#8221;off&#8221; parallax_method_1=&#8221;off&#8221; vertical_alligment_1=&#8221;start&#8221; responsive_laptop_1=&#8221;inherit&#8221; responsive_tablet_1=&#8221;inherit&#8221; responsive_phone_1=&#8221;inherit&#8221; order_laptop_1=&#8221;1&#8243; order_tablet_1=&#8221;1&#8243; order_phone_1=&#8221;1&#8243; column_padding_mobile=&#8221;on&#8221;][tm_pb_column type=&#8221;4_4&#8243;][tm_pb_text admin_label=&#8221;Text&#8221; text_orientation=&#8221;center&#8221; use_border_color=&#8221;off&#8221; border_color=&#8221;#ffffff&#8221; border_style=&#8221;solid&#8221;]<\/p>\n<h2><strong>Analiza stateczno\u015bci skarpy<\/strong><\/h2>\n<p>[\/tm_pb_text][\/tm_pb_column][\/tm_pb_row][tm_pb_row admin_label=&#8221;row&#8221;][tm_pb_column type=&#8221;2_3&#8243;][tm_pb_text admin_label=&#8221;Text&#8221; text_orientation=&#8221;left&#8221; disabled=&#8221;off&#8221; disabled_on=&#8221;off|off|off|off&#8221; use_border_color=&#8221;off&#8221; border_color=&#8221;#ffffff&#8221; border_style=&#8221;solid&#8221;]<\/p>\n<p>\nZdarza si\u0119, \u017ce inwestycja budowana jest w miejscu, kt\u00f3re wymaga specjalistycznych bada\u0144 geotechnicznych oraz oblicze\u0144. Takimi miejscami s\u0105 m. in. skarpy, kt\u00f3re musz\u0105 podlega\u0107 poszczeg\u00f3lnej analizie.<\/p>\n<h2>Analiza stateczno\u015bci skarpy \u2013 kiedy j\u0105 wykona\u0107?<\/h2>\n<p>Analiza stateczno\u015bci skarpy wykonywana jest w sytuacjach, kiedy obiekt budowlany ma by\u0107 wybudowany w pobli\u017cu kraw\u0119dzi skarpy, czy te\u017c w bliskim s\u0105siedztwie. <strong>Obliczanie stateczno\u015bci skarpy lub zbocza wykonuje si\u0119 tak\u017ce przy obiekcie ju\u017c istniej\u0105cym<\/strong>, aby sprawdzi\u0107, jakie ryzyko osuni\u0119cia si\u0119 skarpy wyst\u0119puje w pobli\u017cu danej inwestycji. Analiza stateczno\u015bci skarpy jest w takim przypadku konieczna i bezpo\u015brednio odpowiada za bezpiecze\u0144stwo ca\u0142ej budowli. Sama analiza stateczno\u015bci skarpy jest oparta na badaniu prawdopodobie\u0144stwa wyst\u0119powania zjawisk osuwiskowych. Aby wykona\u0107 analiz\u0119, trzeba dok\u0142adnie okre\u015bli\u0107 parametry wytrzyma\u0142o\u015bciowe gruntu (efektywne lub ca\u0142kowite) oraz wszystkie parametry zwi\u0105zane ju\u017c z istniej\u0105cym budynkiem (g\u0142\u00f3wnie obci\u0105\u017cenie budynku).<\/p>\n<h2>Jak sprawdzi\u0107 stateczno\u015b\u0107 skarpy?<\/h2>\n<p>Istniej\u0105 r\u00f3\u017cne metody obliczania stateczno\u015bci skarpy. Cz\u0119sto u\u017cywanym sposobem na sprawdzenie, jaka jest stateczno\u015b\u0107 skarpy jest <strong>metoda Felleniusa<\/strong>. Jest to jedna z najstarszych metod, zosta\u0142a opracowana na podstawie wynik\u00f3w bada\u0144 Szwedzkiej Komisji Geotechnicznej. Polega ona na <strong>sprawdzeniu stateczno\u015b\u0107 poszczeg\u00f3lnej bry\u0142y osuwiskowej za pomoc\u0105 analizy jej podzia\u0142u na bloki pionowe.<\/strong> W przypadku badania stateczno\u015bci skarpy metod\u0105 Felleniusa zak\u0142ada si\u0119, \u017ce powierzchnia po\u015blizgu ma kszta\u0142t walca cylindrycznego, a tak\u017ce \u017ce si\u0142y oddzia\u0142ywania mi\u0119dzy poszczeg\u00f3lnymi blokami s\u0105 r\u00f3wnoleg\u0142e do podstawy bloku. Wska\u017anik stateczno\u015bci definiuje si\u0119 jako ustosunkowanie mi\u0119dzy sob\u0105 si\u0142 biernych i si\u0142 czynnych. Istniej\u0105 tak\u017ce <strong>inne sposoby, kt\u00f3re pomog\u0105 sprawdzi\u0107 stateczno\u015b\u0107 zboczy<\/strong>. W\u015br\u00f3d g\u0142\u00f3wnych mo\u017cemy wyr\u00f3\u017cni\u0107 mi\u0119dzy innymi metody: Bishopa, Morgensterna-Price\u2019a, Janbu i Sarma. Ka\u017cda z nich bada stateczno\u015b\u0107 skarp i zboczy w spos\u00f3b bardzo dok\u0142adny i z uwzgl\u0119dnieniem za\u0142o\u017conych wsp\u00f3\u0142czynnik\u00f3w bezpiecze\u0144stwa. W przypadku bardziej skomplikowanych analiz stateczno\u015bci skarpy zalecane s\u0105 obliczenia Metod\u0105 Element\u00f3w Sko\u0144czonych (MES). To bardzo rozbudowana analiza, dlatego wymaga bardzo szczeg\u00f3\u0142owych bada\u0144 pod\u0142o\u017ca.<\/p>\n<h2>Dlaczego nale\u017cy wykona\u0107 obliczanie stateczno\u015bci skarpy?<\/h2>\n<p>Ocena stateczno\u015bci skarp i zboczy to jedno z najwa\u017cniejszych bada\u0144 geotechnicznych. <a href=\"\/opinie-geotechniczne\/\">Opinie geotechniczne<\/a> s\u0105 niezwykle wa\u017cne, zanim dojdzie do budowy domu lub inwestycji, jednak <strong>analiza stateczno\u015bci skarpy to proces, kt\u00f3ry bezpo\u015brednio odpowiada za bezpiecze\u0144stwo budynku<\/strong>. Dzi\u0119ki badaniu stateczno\u015bci skarpy b\u0119dziemy mieli pewno\u015b\u0107, \u017ce dom lub inny obiekt budowlany, kt\u00f3ry stoi na skarpie jest odpowiednio zabezpieczony, a inwestycja, kt\u00f3r\u0105 mamy zamiar posadowi\u0107 w danym miejscu, b\u0119dzie bezpieczna. Sprawdzenie parametr\u00f3w wytrzyma\u0142o\u015bciowych grunt\u00f3w oraz analiza stateczno\u015bci to w przypadku ka\u017cdej budowli usytuowanej na skarpie absolutna podstawa i warto zleci\u0107 t\u0119 analiz\u0119 odpowiedniej i profesjonalnej firmie. Zapraszamy do zapoznania si\u0119 z nasz\u0105 ofert\u0105, zajmujemy si\u0119 zar\u00f3wno analiz\u0105 stateczno\u015bci skarpy jak i innymi analizami geologicznymi.<\/p>\n<p>[\/tm_pb_text][\/tm_pb_column][tm_pb_column type=&quot;1_3&quot;][tm_pb_image admin_label=&quot;Image&quot; src=&quot;https:\/\/sigmanto.com\/wp-content\/uploads\/2021\/02\/statecznosc_2.jpg&quot; show_in_lightbox=&quot;off&quot; url_new_window=&quot;off&quot; use_overlay=&quot;off&quot; animation=&quot;left&quot; sticky=&quot;off&quot; align=&quot;left&quot; force_fullwidth=&quot;off&quot; always_center_on_mobile=&quot;on&quot; use_border_color=&quot;off&quot; border_color=&quot;#ffffff&quot; border_style=&quot;solid&quot;]<\/p>\n<p>[\/tm_pb_image][tm_pb_image admin_label=&quot;Image&quot; src=&quot;https:\/\/sigmanto.com\/wp-content\/uploads\/2021\/02\/statecznosc.jpg&quot; show_in_lightbox=&quot;off&quot; url_new_window=&quot;off&quot; use_overlay=&quot;off&quot; animation=&quot;left&quot; sticky=&quot;off&quot; align=&quot;left&quot; force_fullwidth=&quot;off&quot; always_center_on_mobile=&quot;on&quot; use_border_color=&quot;off&quot; border_color=&quot;#ffffff&quot; border_style=&quot;solid&quot; custom_margin=&quot;10px|||&quot;]<\/p>\n<p>[\/tm_pb_image][tm_pb_image admin_label=&quot;Image&quot; src=&quot;https:\/\/sigmanto.com\/wp-content\/uploads\/2021\/02\/stateczno%C5%9B%C4%87-zbocza.png&quot; show_in_lightbox=&quot;off&quot; url_new_window=&quot;off&quot; use_overlay=&quot;off&quot; animation=&quot;left&quot; sticky=&quot;off&quot; align=&quot;left&quot; force_fullwidth=&quot;off&quot; always_center_on_mobile=&quot;on&quot; use_border_color=&quot;off&quot; border_color=&quot;#ffffff&quot; border_style=&quot;solid&quot; custom_margin=&quot;10px|||&quot;]<\/p>\n<p>[\/tm_pb_image][\/tm_pb_column][\/tm_pb_row][tm_pb_row admin_label=&#8221;Row&#8221; make_fullwidth=&#8221;off&#8221; use_custom_width=&#8221;off&#8221; use_grid_padding=&#8221;on&#8221; width_unit=&#8221;on&#8221; padding_mobile=&#8221;off&#8221; custom_margin=&#8221;50px|||&#8221; allow_player_pause=&#8221;off&#8221; parallax=&#8221;off&#8221; parallax_method=&#8221;off&#8221; make_equal=&#8221;off&#8221; parallax_1=&#8221;off&#8221; parallax_method_1=&#8221;off&#8221; vertical_alligment_1=&#8221;start&#8221; responsive_laptop_1=&#8221;inherit&#8221; responsive_tablet_1=&#8221;inherit&#8221; responsive_phone_1=&#8221;inherit&#8221; order_laptop_1=&#8221;1&#8243; order_tablet_1=&#8221;1&#8243; order_phone_1=&#8221;1&#8243; column_padding_mobile=&#8221;on&#8221;][tm_pb_column type=&#8221;4_4&#8243;][tm_pb_button admin_label=&#8221;Button&#8221; button_url=&#8221;\/kontakt&#8221; url_new_window=&#8221;on&#8221; button_text=&#8221;Chcesz sprawdzi\u0107 stateczno\u015b\u0107 skarpy? Zadzwo\u0144. &#8221; button_alignment=&#8221;left&#8221; custom_button=&#8221;on&#8221; button_letter_spacing=&#8221;0&#8243; button_use_icon=&#8221;default&#8221; button_icon_placement=&#8221;right&#8221; button_on_hover=&#8221;on&#8221; button_letter_spacing_hover=&#8221;0&#8243; button_text_size=&#8221;25&#8243;]<\/p>\n<p>[\/tm_pb_button][\/tm_pb_column][\/tm_pb_row][tm_pb_row admin_label=&#8221;Row&#8221;][\/tm_pb_row][\/tm_pb_section]<\/p>\n","protected":false},"excerpt":{"rendered":"<p>[tm_pb_section admin_label=&#8221;section&#8221;][tm_pb_row admin_label=&#8221;Row&#8221; make_fullwidth=&#8221;off&#8221; use_custom_width=&#8221;off&#8221; use_grid_padding=&#8221;on&#8221; width_unit=&#8221;on&#8221; padding_mobile=&#8221;off&#8221; custom_margin=&#8221;30px||50px|&#8221; allow_player_pause=&#8221;off&#8221; parallax=&#8221;off&#8221; parallax_method=&#8221;off&#8221; make_equal=&#8221;off&#8221; parallax_1=&#8221;off&#8221; parallax_method_1=&#8221;off&#8221; vertical_alligment_1=&#8221;start&#8221; responsive_laptop_1=&#8221;inherit&#8221; responsive_tablet_1=&#8221;inherit&#8221; responsive_phone_1=&#8221;inherit&#8221; order_laptop_1=&#8221;1&#8243; order_tablet_1=&#8221;1&#8243; order_phone_1=&#8221;1&#8243; column_padding_mobile=&#8221;on&#8221;][tm_pb_column type=&#8221;4_4&#8243;][tm_pb_text admin_label=&#8221;Text&#8221; text_orientation=&#8221;center&#8221; use_border_color=&#8221;off&#8221; border_color=&#8221;#ffffff&#8221; border_style=&#8221;solid&#8221;] Analiza stateczno\u015bci skarpy [\/tm_pb_text][\/tm_pb_column][\/tm_pb_row][tm_pb_row admin_label=&#8221;row&#8221;][tm_pb_column type=&#8221;2_3&#8243;][tm_pb_text admin_label=&#8221;Text&#8221; text_orientation=&#8221;left&#8221; disabled=&#8221;off&#8221; disabled_on=&#8221;off|off|off|off&#8221; use_border_color=&#8221;off&#8221; border_color=&#8221;#ffffff&#8221; border_style=&#8221;solid&#8221;] Zdarza si\u0119, \u017ce inwestycja budowana jest w miejscu, kt\u00f3re wymaga specjalistycznych bada\u0144 geotechnicznych [&hellip;]<\/p>\n","protected":false},"author":1,"featured_media":0,"parent":0,"menu_order":0,"comment_status":"closed","ping_status":"closed","template":"","meta":{"footnotes":""},"class_list":["post-923","page","type-page","status-publish","hentry"],"_links":{"self":[{"href":"https:\/\/sigmanto.com\/index.php\/wp-json\/wp\/v2\/pages\/923","targetHints":{"allow":["GET"]}}],"collection":[{"href":"https:\/\/sigmanto.com\/index.php\/wp-json\/wp\/v2\/pages"}],"about":[{"href":"https:\/\/sigmanto.com\/index.php\/wp-json\/wp\/v2\/types\/page"}],"author":[{"embeddable":true,"href":"https:\/\/sigmanto.com\/index.php\/wp-json\/wp\/v2\/users\/1"}],"replies":[{"embeddable":true,"href":"https:\/\/sigmanto.com\/index.php\/wp-json\/wp\/v2\/comments?post=923"}],"version-history":[{"count":1,"href":"https:\/\/sigmanto.com\/index.php\/wp-json\/wp\/v2\/pages\/923\/revisions"}],"predecessor-version":[{"id":1818,"href":"https:\/\/sigmanto.com\/index.php\/wp-json\/wp\/v2\/pages\/923\/revisions\/1818"}],"wp:attachment":[{"href":"https:\/\/sigmanto.com\/index.php\/wp-json\/wp\/v2\/media?parent=923"}],"curies":[{"name":"wp","href":"https:\/\/api.w.org\/{rel}","templated":true}]}}