{"id":934,"date":"2021-06-10T11:55:32","date_gmt":"2021-06-10T09:55:32","guid":{"rendered":"https:\/\/geodev.pl\/?page_id=934"},"modified":"2026-02-27T12:31:12","modified_gmt":"2026-02-27T11:31:12","slug":"badania-polowe-gruntow","status":"publish","type":"page","link":"https:\/\/sigmanto.com\/index.php\/badania-polowe-gruntow\/","title":{"rendered":"Badania polowe grunt\u00f3w"},"content":{"rendered":"<p>[tm_pb_section admin_label=&#8221;section&#8221;][tm_pb_row admin_label=&#8221;Row&#8221; make_fullwidth=&#8221;off&#8221; use_custom_width=&#8221;off&#8221; use_grid_padding=&#8221;on&#8221; width_unit=&#8221;on&#8221; padding_mobile=&#8221;off&#8221; custom_margin=&#8221;30px||50px|&#8221; allow_player_pause=&#8221;off&#8221; parallax=&#8221;off&#8221; parallax_method=&#8221;off&#8221; make_equal=&#8221;off&#8221; parallax_1=&#8221;off&#8221; parallax_method_1=&#8221;off&#8221; vertical_alligment_1=&#8221;start&#8221; responsive_laptop_1=&#8221;inherit&#8221; responsive_tablet_1=&#8221;inherit&#8221; responsive_phone_1=&#8221;inherit&#8221; order_laptop_1=&#8221;1&#8243; order_tablet_1=&#8221;1&#8243; order_phone_1=&#8221;1&#8243; column_padding_mobile=&#8221;on&#8221;][tm_pb_column type=&#8221;4_4&#8243;][tm_pb_text admin_label=&#8221;Text&#8221; text_orientation=&#8221;center&#8221; use_border_color=&#8221;off&#8221; border_color=&#8221;#ffffff&#8221; border_style=&#8221;solid&#8221;]<\/p>\n<h2><strong><b>Badania polowe grunt\u00f3w<\/b><\/strong><\/h2>\n<p>[\/tm_pb_text][\/tm_pb_column][\/tm_pb_row][tm_pb_row admin_label=&#8221;row&#8221;][tm_pb_column type=&#8221;2_3&#8243;][tm_pb_text admin_label=&#8221;Text&#8221; text_orientation=&#8221;left&#8221; disabled=&#8221;off&#8221; disabled_on=&#8221;off|off|off|off&#8221; use_border_color=&#8221;off&#8221; border_color=&#8221;#ffffff&#8221; border_style=&#8221;solid&#8221;]<\/p>\n<h2>Czym s\u0105 i w jakim celu przeprowadza si\u0119 badania polowe grunt\u00f3w?<\/h2>\n<p>Badania polowe to szereg dzia\u0142a\u0144 pozwalaj\u0105cych na okre\u015blenie cech gruntu w trakcie bada\u0144 terenowych. Zwykle polegaj\u0105 na uzyskaniu parametr\u00f3w pomierzonych. Dodatkowo podczas ich wykonywania zwykle projektuje si\u0119 uzupe\u0142niaj\u0105co dodatkowe badania laboratoryjne, pozwalaj\u0105ce na korelacj\u0119 z sondowaniami i jeszcze dok\u0142adniejsze rozpoznanie warunk\u00f3w gruntowych. Ich celem jest <strong>ocena przydatno\u015bci pod\u0142o\u017ca dla posadawiania nieruchomo\u015bci lub wykonywania innych prac budowlanych<\/strong> np. budowy drogi, dzi\u0119ki szczeg\u00f3\u0142owemu poznaniu modelu budowy geologicznej. Badania polowe grunt\u00f3w wraz z laboratoryjnymi pozwalaj\u0105 na okre\u015blenie parametr\u00f3w grunt\u00f3w w danej lokalizacji, na za\u0142o\u017conej g\u0142\u0119boko\u015bci, dla danego zakresu odkszta\u0142ce\u0144 w przeciwie\u0144stwie do parametr\u00f3w okre\u015blanych jedynie z wycofanych norm lub literatury. Istnieje wiele metod przeprowadzania bada\u0144 polowych. Dobierane s\u0105 one indywidualne, by wykonane przez nasz\u0105 firm\u0119 badania by\u0142y dostosowane do warunk\u00f3w geologicznych oraz u\u017cyteczne podczas projektowania oraz posadawiania obiekt\u00f3w budowlanych.<\/p>\n<h2>Badania laboratoryjne i polowe grunt\u00f3w \u2013 oferta GEOdev<\/h2>\n<p>Badania polowe przeprowadzane przez firm\u0119 GEOdev to <strong>wieloaspektowy zakres us\u0142ug<\/strong> pozwalaj\u0105cy na spe\u0142nienie oczekiwa\u0144 i potrzeb szerokiego grona klient\u00f3w. W naszej ofercie znajduj\u0105 si\u0119 dzia\u0142ania zwi\u0105zane z:<\/p>\n<ul>\n<li>wierceniem otwor\u00f3w geologiczno-in\u017cynierskich i geotechnicznych oraz poborem pr\u00f3b o nienaruszonej strukturze NNS,<\/li>\n<li>sondowaniem statycznym (CPTU),<\/li>\n<li>badaniami dylatometrycznymi (DMT),<\/li>\n<li>badania sejsmiczne (SDMT, SPDMT, SCPTU, SPCPTU),<\/li>\n<li>sondowaniem dynamicznym (DPL, DPH oraz DPSH)<\/li>\n<li>wykonywaniem podstawowych bada\u0144 laboratoryjnych,<\/li>\n<li>wykonywaniem bada\u0144 tr\u00f3josiowych (UU, CU, CD) i edometrycznych na podstawie pr\u00f3b NNS.<\/li>\n<\/ul>\n<h2>Badania polowe \u2013 zalety<\/h2>\n<p>Geotechnika i badania polowe nios\u0105 za sob\u0105 szereg zalet. Do najwa\u017cniejszych zaliczmy mo\u017cliwo\u015b\u0107 dok\u0142adnego sprawdzenia gruntu oraz dopasowania do niego parametr\u00f3w posadawianych fundament\u00f3w budowli. Dodatkowo tego typu przegl\u0105d przed zakupem dzia\u0142ki pozwala na prawid\u0142owe okre\u015blenie czy spe\u0142nia ona wymagania stawiane przed planowan\u0105 inwestycj\u0105, a tak\u017ce czy jej zakup jest ekonomicznie op\u0142acalny. S\u0105 to dzia\u0142ania pozwalaj\u0105ce na <strong>szybkie i ekonomiczne uzyskanie wszelkich potrzebnych danych<\/strong>. Warto skorzysta\u0107 z us\u0142ug wykwalifikowanej firmy, kt\u00f3ra posiada wysokiej jako\u015bci sprz\u0119t oraz do\u015bwiadczonych pracownik\u00f3w. Dzi\u0119ki temu opinia wydana na podstawie bada\u0144 b\u0119dzie rzetelna, wiarygodna i u\u017cyteczna. Na naszej stronie internetowej mog\u0105 Pa\u0144stwo sprawdzi\u0107, jaki <a href=\"\/uslugi-geologiczne-sprzet\/\">sprz\u0119t do bada\u0144 polowych<\/a> wykorzystuje firma GEOdev.<\/p>\n<h2>Pob\u00f3r pr\u00f3b o nienaruszonej NNS<\/h2>\n<p>Wiercenia \u015bwidrem spiralnym, kt\u00f3ry jest w Polsce najcz\u0119\u015bciej u\u017cywanym sprz\u0119tem do poboru pr\u00f3b, powoduje du\u017ce zniszczenie struktury gruntu. <a href=\"\/pobor-prob-nns\/\">Pr\u00f3bki NNS<\/a> klasyfikuje si\u0119 do najwy\u017cszej klasy poboru pr\u00f3b. W przypadku, gdy oczekujemy specjalistycznych bada\u0144 geotechnicznych, konieczny jest pob\u00f3r pr\u00f3b 1 klasy. Do tego wykorzystujemy specjalny pr\u00f3bnik Shelby (o \u015brednicy 88,9 mm), kt\u00f3ry jest wciskany w pod\u0142o\u017ce na dan\u0105 g\u0142\u0119boko\u015b\u0107 za pomoc\u0105 sondy statycznej, po czym otwiera si\u0119 go na g\u0142\u0119boko\u015bci za\u0142o\u017conego poboru pr\u00f3by. Takie rozwi\u0105zanie pozwala uzyska\u0107 najwy\u017cszej klasy pr\u00f3by ze wzgl\u0119du na wciskanie statyczne. W przypadku wciskania pr\u00f3bnik\u00f3w dynamicznie mo\u017ce doj\u015b\u0107 do uszkodzenia zewn\u0119trznej cz\u0119\u015bci pr\u00f3by lub uplastycznienia gruntu.<\/p>\n<p><strong>Pr\u00f3by takie wykorzystuje si\u0119 nast\u0119pnie do bada\u0144 laboratoryjnych<\/strong> (edometrycznych, tr\u00f3josiowych), kt\u00f3re mo\u017cna korelowa\u0107 z sondowaniami CPTU i badaniami DMT.<\/p>\n<h2>Badania dylatometryczne<\/h2>\n<p><a href=\"\/badania-dylatometryczne-dmt\/\">Badanie dylatometryczne DMT<\/a> wykorzystywane jest najcz\u0119\u015bciej do badania parametr\u00f3w grunt\u00f3w s\u0142abono\u015bnych. <strong>oraz dla realizacji du\u017cych inwestycji budowlanych, podczas kt\u00f3rych realizacji mog\u0105 zaj\u015b\u0107 du\u017ce odkszta\u0142cenia grunt\u00f3w (osiadanie)<\/strong>. Wykorzystuje si\u0119 je g\u0142\u00f3wnie do grunt\u00f3w organicznych, plastycznych py\u0142\u00f3w, ale tak\u017ce dla pozosta\u0142ych rodzaj\u00f3w. Badania dylatometryczne przeprowadzane s\u0105 za pomoc\u0105 dylatometru, kt\u00f3ry sk\u0142ada si\u0119 z p\u0142askiej \u0142opatki wciskanej w grunt. Jej membrana odkszta\u0142ca si\u0119 pod wp\u0142ywem dzia\u0142aj\u0105cego na ni\u0105 ci\u015bnienia, co pozwala na dok\u0142adne okre\u015blenie rodzaju oraz aktualnego stanu pod\u0142o\u017ca, jego profilu i historii napr\u0119\u017cenia, a tak\u017ce wska\u017anika materia\u0142owego ID, wska\u017anika napr\u0119\u017cenia bocznego KD oraz modu\u0142u dylatometrycznego ED. Metoda ta uwa\u017cana jest aktualnie najdok\u0142adniejszy spos\u00f3b rozpoznania parament\u00f3w odkszta\u0142ceniowych grunt\u00f3w.<\/p>\n<p>Warto wiedzie\u0107, \u017ce podczas zag\u0142\u0119biania \u0142opatki na \u017c\u0105dan\u0105 g\u0142\u0119boko\u015b\u0107 podczas badania dylatometrycznego wykonuje si\u0119 pomiar ci\u015bnienia w dw\u00f3ch po\u0142o\u017ceniach membrany. Po\u0142o\u017cenie pierwsze (A) wykonuje si\u0119, gdy membrana znajduje si\u0119 w jednej p\u0142aszczy\u017anie z ostrzem. Drugi pomiar (B) wykonuje si\u0119 gdy membrana zostanie wysuni\u0119ta o 1,1 mm w kierunku gruntu. Dodatkowo mo\u017cna wykona\u0107 pomiar trzeci (C), ci\u015bnienia w momencie powrotu membrany do pozycji pomiaru A.<\/p>\n<h2>Na czym polega sondowanie statyczne?<\/h2>\n<p><a href=\"\/sondowanie-statyczne-cptu\/\">Sondowanie CPTU<\/a> oraz CPT to kolejne z cz\u0119sto stosowanych metod podczas przeprowadzania bada\u0144 polowych. Polega ono na <strong>jednostajnym wciskaniu w grunt sto\u017cka wyposa\u017conego w system czujnik\u00f3w, kt\u00f3re pozwalaj\u0105 na zarejestrowanie pomierzonych parametr\u00f3w grunt\u00f3w<\/strong> (op\u00f3r sto\u017cka, tarcie pobocznicy, ci\u015bnienia porowe w gruncie). Parametry geotechniczne podczas sondowania statycznego wyznacza si\u0119 na podstawie wzor\u00f3w empirycznych uzyskanych do\u015bwiadczalnie. Dobr\u0105 zasad\u0105 jest prowadzenie przez firmy swoich w\u0142asnych baz danych i tworzenie lokalnych zale\u017cno\u015bci korelacyjnych. Do najbardziej popularnych parametr\u00f3w mo\u017cliwych do wyprowadzenia z sondowania CPTU s\u0105 wytrzyma\u0142o\u015b\u0107 na \u015bcinanie bez odp\u0142ywu, efektywny k\u0105t tarcia wewn\u0119trznego, modu\u0142 edometryczny, stopie\u0144 zag\u0119szczenia i plastyczno\u015bci. Sondowanie statyczne CPTU pozwala na uzyskanie wiarygodnych wynik\u00f3w mierzonych in-situ, czyli bezpo\u015brednio w gruncie. Dodatkowo sto\u017cek jest wyposa\u017cony w inklinometr pozwalaj\u0105cy na zmierzenie odchylenia sto\u017cka i weryfikowanie na bie\u017c\u0105co poprawno\u015b\u0107 pomiar\u00f3w. Sondowanie dynamiczne mo\u017ce stanowi\u0107 zamiennik badania statycznego CPTU (tylko dla grunt\u00f3w niespoistych), zw\u0142aszcza gdy w gruncie mog\u0105 znajdowa\u0107 si\u0119 ceg\u0142y, kamienie lub gruz mog\u0105ce uszkodzi\u0107 sto\u017cek elektryczny.<\/p>\n<p>Do opracowywanych dokumentacji geotechnicznych, bazuj\u0105cych na sondowaniach CPTU nale\u017cy do\u0142\u0105cza\u0107 <strong>certyfikat kalibracji sto\u017cka<\/strong>.<\/p>\n<h2>Co to odwierty geotechniczne?<\/h2>\n<p>Wykonywanie odwiert\u00f3w geotechnicznych w ramach bada\u0144 polowych jest najpopularniejsz\u0105 metod\u0105 uzyskania danych odno\u015bnie rodzaj\u00f3w grunt\u00f3w. Pozwalaj\u0105 one na <strong>uzyskanie profilu geologicznego, jak i poznanie przybli\u017conego stanu grunt\u00f3w oraz g\u0142\u0119boko\u015bci zwierciad\u0142a w\u00f3d gruntowych<\/strong>. Ponadto t\u0119 metod\u0119 badania polowego wykorzystuje si\u0119 w celach poszukiwania z\u0142\u00f3\u017c oraz w\u00f3d podziemnych (wraz z ich badaniem). Odwierty geotechniczne mog\u0105 by\u0107 wykonywane:<\/p>\n<ul>\n<li>mechanicznie (udarowo, obrotowo),<\/li>\n<li>r\u0119cznie.<\/li>\n<\/ul>\n<p>Wyb\u00f3r metody zazwyczaj zwi\u0105zany jest z czynnikami ekonomicznymi, logistycznymi, jak i z indywidualnymi cechami danych odwiert\u00f3w (ilo\u015b\u0107 otwor\u00f3w, ich g\u0142\u0119boko\u015b\u0107).<\/p>\n<h2>Co to badania sejsmiczne SDMT, SCPTU?<\/h2>\n<p>Badania te pozwalaj\u0105 na okre\u015blenie pr\u0119dko\u015bci propagacji fal sejsmicznych poprzecznych Vs, na podstawie kt\u00f3rych wyznaczane s\u0105 parametry w zakresie bardzo ma\u0142ych odkszta\u0142ce\u0144. Takie badania pozwalaj\u0105 wyznaczy\u0107 krzyw\u0105 degradacji gruntu za pomoc\u0105 szybkich bada\u0144 in situ, w nienaruszonym g\u00f3rotworze. Wykonuj\u0105c jednocze\u015bnie badania sejsmiczne SDMT i tr\u00f3josiowe z pomiarami za pomoc\u0105 element\u00f3w typu bender mo\u017cliwe jest tak\u017ce interpretowanie jako\u015bci poboru pr\u00f3b.<\/p>\n<p>&nbsp;<\/p>\n<p>Firma GEOdev wykonuje tak\u017ce pomiary fal sejsmicznych pod\u0142u\u017cnych Vp. Ich interpretacja umo\u017cliwia wyznaczenie np. g\u0142\u0119boko\u015bci strefy pe\u0142nej saturacji gruntu (Sr~1). Takie rozwi\u0105zanie pozwala szacowa\u0107 g\u0142\u0119boko\u015b\u0107 wyst\u0105pienia warunk\u00f3w z odp\u0142ywem i bez odp\u0142ywu, a co za tym idzie diametralnie zmienia si\u0119 wytrzyma\u0142o\u015b\u0107 gruntu.<\/p>\n<p>[\/tm_pb_text][\/tm_pb_column][tm_pb_column type=&#8221;1_3&#8243;][tm_pb_image admin_label=&#8221;Image&#8221; show_in_lightbox=&#8221;off&#8221; url_new_window=&#8221;off&#8221; use_overlay=&#8221;off&#8221; animation=&#8221;left&#8221; sticky=&#8221;off&#8221; align=&#8221;left&#8221; force_fullwidth=&#8221;off&#8221; always_center_on_mobile=&#8221;on&#8221; use_border_color=&#8221;off&#8221; border_color=&#8221;#ffffff&#8221; border_style=&#8221;solid&#8221; custom_margin=&#8221;50px||50px|&#8221;] [\/tm_pb_image][\/tm_pb_column][\/tm_pb_row][tm_pb_row admin_label=&#8221;Row&#8221; make_fullwidth=&#8221;off&#8221; use_custom_width=&#8221;off&#8221; use_grid_padding=&#8221;on&#8221; width_unit=&#8221;on&#8221; padding_mobile=&#8221;off&#8221; custom_margin=&#8221;50px|||&#8221; allow_player_pause=&#8221;off&#8221; parallax=&#8221;off&#8221; parallax_method=&#8221;off&#8221; make_equal=&#8221;off&#8221; parallax_1=&#8221;off&#8221; parallax_method_1=&#8221;off&#8221; vertical_alligment_1=&#8221;start&#8221; responsive_laptop_1=&#8221;inherit&#8221; responsive_tablet_1=&#8221;inherit&#8221; responsive_phone_1=&#8221;inherit&#8221; order_laptop_1=&#8221;1&#8243; order_tablet_1=&#8221;1&#8243; order_phone_1=&#8221;1&#8243; column_padding_mobile=&#8221;on&#8221;][tm_pb_column type=&#8221;4_4&#8243;][tm_pb_button admin_label=&#8221;Button&#8221; button_url=&#8221;\/kontakt&#8221; url_new_window=&#8221;on&#8221; button_text=&#8221;Zapraszamy do kontaktu!&#8221; button_alignment=&#8221;left&#8221; custom_button=&#8221;on&#8221; button_letter_spacing=&#8221;0&#8243; button_use_icon=&#8221;default&#8221; button_icon_placement=&#8221;right&#8221; button_on_hover=&#8221;on&#8221; button_letter_spacing_hover=&#8221;0&#8243; button_text_size=&#8221;25&#8243;] [\/tm_pb_button][\/tm_pb_column][\/tm_pb_row][tm_pb_row admin_label=&#8221;Row&#8221;][\/tm_pb_row][\/tm_pb_section]<\/p>\n","protected":false},"excerpt":{"rendered":"<p>[tm_pb_section admin_label=&#8221;section&#8221;][tm_pb_row admin_label=&#8221;Row&#8221; make_fullwidth=&#8221;off&#8221; use_custom_width=&#8221;off&#8221; use_grid_padding=&#8221;on&#8221; width_unit=&#8221;on&#8221; padding_mobile=&#8221;off&#8221; custom_margin=&#8221;30px||50px|&#8221; allow_player_pause=&#8221;off&#8221; parallax=&#8221;off&#8221; parallax_method=&#8221;off&#8221; make_equal=&#8221;off&#8221; parallax_1=&#8221;off&#8221; parallax_method_1=&#8221;off&#8221; vertical_alligment_1=&#8221;start&#8221; responsive_laptop_1=&#8221;inherit&#8221; responsive_tablet_1=&#8221;inherit&#8221; responsive_phone_1=&#8221;inherit&#8221; order_laptop_1=&#8221;1&#8243; order_tablet_1=&#8221;1&#8243; order_phone_1=&#8221;1&#8243; column_padding_mobile=&#8221;on&#8221;][tm_pb_column type=&#8221;4_4&#8243;][tm_pb_text admin_label=&#8221;Text&#8221; text_orientation=&#8221;center&#8221; use_border_color=&#8221;off&#8221; border_color=&#8221;#ffffff&#8221; border_style=&#8221;solid&#8221;] Badania polowe grunt\u00f3w [\/tm_pb_text][\/tm_pb_column][\/tm_pb_row][tm_pb_row admin_label=&#8221;row&#8221;][tm_pb_column type=&#8221;2_3&#8243;][tm_pb_text admin_label=&#8221;Text&#8221; text_orientation=&#8221;left&#8221; disabled=&#8221;off&#8221; disabled_on=&#8221;off|off|off|off&#8221; use_border_color=&#8221;off&#8221; border_color=&#8221;#ffffff&#8221; border_style=&#8221;solid&#8221;] Czym s\u0105 i w jakim celu przeprowadza si\u0119 badania polowe grunt\u00f3w? Badania polowe [&hellip;]<\/p>\n","protected":false},"author":1,"featured_media":0,"parent":0,"menu_order":0,"comment_status":"closed","ping_status":"closed","template":"","meta":{"footnotes":""},"class_list":["post-934","page","type-page","status-publish","hentry"],"_links":{"self":[{"href":"https:\/\/sigmanto.com\/index.php\/wp-json\/wp\/v2\/pages\/934","targetHints":{"allow":["GET"]}}],"collection":[{"href":"https:\/\/sigmanto.com\/index.php\/wp-json\/wp\/v2\/pages"}],"about":[{"href":"https:\/\/sigmanto.com\/index.php\/wp-json\/wp\/v2\/types\/page"}],"author":[{"embeddable":true,"href":"https:\/\/sigmanto.com\/index.php\/wp-json\/wp\/v2\/users\/1"}],"replies":[{"embeddable":true,"href":"https:\/\/sigmanto.com\/index.php\/wp-json\/wp\/v2\/comments?post=934"}],"version-history":[{"count":1,"href":"https:\/\/sigmanto.com\/index.php\/wp-json\/wp\/v2\/pages\/934\/revisions"}],"predecessor-version":[{"id":1822,"href":"https:\/\/sigmanto.com\/index.php\/wp-json\/wp\/v2\/pages\/934\/revisions\/1822"}],"wp:attachment":[{"href":"https:\/\/sigmanto.com\/index.php\/wp-json\/wp\/v2\/media?parent=934"}],"curies":[{"name":"wp","href":"https:\/\/api.w.org\/{rel}","templated":true}]}}