{"id":938,"date":"2021-06-10T12:05:49","date_gmt":"2021-06-10T10:05:49","guid":{"rendered":"https:\/\/geodev.pl\/?page_id=938"},"modified":"2026-02-27T12:31:13","modified_gmt":"2026-02-27T11:31:13","slug":"system-informacji-geograficznej","status":"publish","type":"page","link":"https:\/\/sigmanto.com\/index.php\/system-informacji-geograficznej\/","title":{"rendered":"System informacji geograficznej"},"content":{"rendered":"<p>[tm_pb_section admin_label=&#8221;section&#8221;][tm_pb_row admin_label=&#8221;Row&#8221; make_fullwidth=&#8221;off&#8221; use_custom_width=&#8221;off&#8221; use_grid_padding=&#8221;on&#8221; width_unit=&#8221;on&#8221; padding_mobile=&#8221;off&#8221; custom_margin=&#8221;30px||50px|&#8221; allow_player_pause=&#8221;off&#8221; parallax=&#8221;off&#8221; parallax_method=&#8221;off&#8221; make_equal=&#8221;off&#8221; parallax_1=&#8221;off&#8221; parallax_method_1=&#8221;off&#8221; vertical_alligment_1=&#8221;start&#8221; responsive_laptop_1=&#8221;inherit&#8221; responsive_tablet_1=&#8221;inherit&#8221; responsive_phone_1=&#8221;inherit&#8221; order_laptop_1=&#8221;1&#8243; order_tablet_1=&#8221;1&#8243; order_phone_1=&#8221;1&#8243; column_padding_mobile=&#8221;on&#8221;][tm_pb_column type=&#8221;4_4&#8243;][tm_pb_text admin_label=&#8221;Text&#8221; text_orientation=&#8221;center&#8221; use_border_color=&#8221;off&#8221; border_color=&#8221;#ffffff&#8221; border_style=&#8221;solid&#8221;]<\/p>\n<h2><strong><b>Systemy informacji geograficznej <\/b><\/strong><\/h2>\n<p>[\/tm_pb_text][\/tm_pb_column][\/tm_pb_row][tm_pb_row admin_label=&#8221;row&#8221;][tm_pb_column type=&#8221;2_3&#8243;][tm_pb_text admin_label=&#8221;Text&#8221; text_orientation=&#8221;left&#8221; disabled=&#8221;off&#8221; disabled_on=&#8221;off|off|off|off&#8221; use_border_color=&#8221;off&#8221; border_color=&#8221;#ffffff&#8221; border_style=&#8221;solid&#8221;]<\/p>\n<h2>Systemy Informacji Geograficznej \u2013 czym s\u0105, jaki maj\u0105 cel?<\/h2>\n<p>System Informacji Geograficznej (GIS) mo\u017ce by\u0107 okre\u015blany tak\u017ce jako geograficzny system informacji przestrzennej. Jest to oprogramowanie pozwalaj\u0105ce na przetwarzanie za pomoc\u0105 model\u00f3w oraz procedur danych wej\u015bciowych w wyj\u015bciowe. Dzi\u0119ki Systemowi Informacji Geograficznej mo\u017cliwe jest gromadzenie, udost\u0119pnianie oraz analiza i wizualizacja danych przestrzennych. System ten ma wiele funkcji, jednak do najwa\u017cniejszych zaliczane jest wspieranie procesu decyzyjnego. Wykorzystywany jest on <strong>w firmie GEOdev do opracowywania dokumentacji oraz wydawania opinii.<\/strong> Ponadto System Informacji Geograficznej pozwala na: usprawnienie zdobywania i przekazywania informacji, nawigowanie oraz przygotowywanie rozleg\u0142ych analiz.<\/p>\n<h2>Na jakie pytania mo\u017cna odpowiedzie\u0107 dzi\u0119ki danym zawartym w GIS?<\/h2>\n<p>Dzi\u0119ki informacjom zawartym w GIS istnieje mo\u017cliwo\u015b\u0107 zdobycia odpowiedzi na wszelkiego rodzaju <strong>pytania zwi\u0105zane z przestrzeni\u0105<\/strong>. Umo\u017cliwiaj\u0105 zebranie danych zwi\u0105zanych m.in. z: lokalizacj\u0105 obiekt\u00f3w oraz okre\u015blonych zjawisk, ich charakterystycznymi cechami, relacjami zachodz\u0105cymi pomi\u0119dzy nimi w przestrzeni.<\/p>\n<h2>Co to jest Krajowy System Informacji Geograficznej?<\/h2>\n<p>Krajowy System Informacji Geograficznej jest pa\u0144stwowym rejestrem z bazami danych, kt\u00f3re podlegaj\u0105 standaryzacji. W jego strukturze wyr\u00f3\u017cni\u0107 mo\u017cna 3 poziomy:<\/p>\n<ul>\n<li>powiatowy,<\/li>\n<li>wojew\u00f3dzki,<\/li>\n<li>krajowy.<\/li>\n<\/ul>\n<p>Krajowy System Informacji Geograficznej zosta\u0142 <strong>powo\u0142any w celu zbudowania i utrzymania \u0142adu ekologicznego oraz przestrzennego w pa\u0144stwie<\/strong>, a tak\u017ce dostarczenia informacji instytucjom i obywatelom, pomocy w zarz\u0105dzaniu w sytuacjach kryzysowych oraz tworzeniu baz danych w celu rozwoju infrastruktury.<\/p>\n<h2>Z czego sk\u0142ada si\u0119 System Informacji Geograficznej?<\/h2>\n<p>Na GIS sk\u0142adaj\u0105 si\u0119: <strong>bazy danych, sprz\u0119t komputerowy, oprogramowanie oraz ludzie<\/strong> \u2013 tw\u00f3rcy i u\u017cytkownicy. W systemie odnale\u017a\u0107 mo\u017cna materia\u0142y \u017ar\u00f3d\u0142owe takie jak: mapy, zdj\u0119cia lotnicze, obrazy satelitarne, a tak\u017ce ankiety statystyczne, dokumenty zwi\u0105zane z obserwacjami terenowymi oraz pomiarami geodezyjnymi. Nie jest to jednak zamkni\u0119ty katalog, poniewa\u017c na System Informacji Geograficznej sk\u0142adaj\u0105 si\u0119 r\u00f3wnie\u017c inne dane w formie cyfrowej. W GIS wyr\u00f3\u017cnia si\u0119 3 modu\u0142y funkcjonalne: wprowadzanie danych w formie przestrzennej (wymagaj\u0105 wektoryzacji) lub nieprzestrzennej; zarz\u0105dzanie baz\u0105 danych (obejmuj\u0105ce procesy takie jak: aktualizowanie, porz\u0105dkowanie oraz wyszukiwanie informacji); wyprowadzanie i obrazowanie danych, dzi\u0119ki kt\u00f3rym mo\u017cliwe jest przedstawienie informacji w formie zrozumia\u0142ej dla odbiorcy, a tak\u017ce uzyskane przez niego trwa\u0142ej kopii zawartych w systemie danych i obraz\u00f3w.<\/p>\n<h2>System Informacji Geograficznej \u2013 zastosowanie<\/h2>\n<p>Systemy Informacji Geograficznej stanowi\u0105 g\u0142\u00f3wne \u017ar\u00f3d\u0142o wiedzy dla: geodet\u00f3w, konstruktor\u00f3w oraz urbanist\u00f3w. Ponadto wykorzystywane s\u0105 do monitoringu \u015brodowiska naturalnego, zagro\u017cenia przest\u0119pczo\u015bci\u0105 czy wyst\u0119powaniem chor\u00f3b. Dodatkowo System Informacji Geograficznej pozwala na zdobywanie i przetwarzanie danych, kt\u00f3re maj\u0105 zwi\u0105zek z techniczn\u0105 infrastruktur\u0105 okre\u015blonego terenu. Ma szerokie zastosowanie w u\u017cywanych przez nas nawigacjach. Dodatkowo warto pami\u0119ta\u0107, \u017ce <strong>system ten mo\u017ce by\u0107 wykorzystany tak\u017ce w bran\u017cach takich jak<\/strong>:<\/p>\n<ul>\n<li>nieruchomo\u015bci m.in. dla inwentaryzacji grunt\u00f3w oraz obiekt\u00f3w,<\/li>\n<li>telekomunikacja m.in. dla projektowania i utrzymywania sieci,<\/li>\n<li>g\u00f3rnictwo m.in. w celu poszukiwania z\u0142\u00f3\u017c i monitoringu wp\u0142ywu podejmowanych dzia\u0142a\u0144 na \u015brodowisko,<\/li>\n<li>transport m.in. dla planowania operacji logistycznych,<\/li>\n<li>archeologia m.in. dla integracji i analizy danych pochodz\u0105cych z r\u00f3\u017cnych okres\u00f3w i \u017ar\u00f3de\u0142,<\/li>\n<li>le\u015bnictwo m.in. dla zarz\u0105dzania,<\/li>\n<li>bankowo\u015b\u0107 m.in. dla badania rozmieszczenia klient\u00f3w,<\/li>\n<li>wojsko.<\/li>\n<\/ul>\n<h2>Dlaczego warto wybra\u0107 nasz\u0105 firm\u0119?<\/h2>\n<p>Firma GEOdev \u0142\u0105czy specjalist\u00f3w z zakresu geologii, geotechniki oraz geofizyki, dla kt\u00f3rych praca, poza obowi\u0105zkiem, jest pasj\u0105. Stale si\u0119 rozwijamy w dziedzinie geologii in\u017cynierskiej oraz budownictwa, w tym geotechniki. Do ka\u017cdego klienta podchodzimy indywidualnie, z jednakowym zaanga\u017cowaniem, bez znaczenia czy wykonujemy opini\u0119 geotechniczn\u0105 dla domu jednorodzinnego, czy dokumentacj\u0119 geologiczno-in\u017cyniersk\u0105 b\u0105d\u017a badania geofizyczne. Mamy \u015bwiadomo\u015b\u0107, \u017ce wykonane przez nas prac\u0119 geotechniczne oraz geologiczne nie stanowi\u0105 jedynie dokumentu potrzebnego do uzyskania pozwolenia na budow\u0119, lecz <strong>s\u0105 podstaw\u0105 do poprawnego projektowania ka\u017cdej inwestycji<\/strong>. W wielu przypadkach mo\u017cna si\u0119 spotka\u0107 z podej\u015bciem \u201edla nas nie ma rzeczy niemo\u017cliwych\u201d, z czym si\u0119 cz\u0119\u015bciowo zgadzamy, poniewa\u017c nie ma rzeczy niemo\u017cliwych, lecz bywaj\u0105 \u017ale dobrane rozwi\u0105zania, dlatego <strong>wsp\u00f3\u0142pracujemy tak\u017ce z innymi firmami z bran\u017cy geologicznej i geotechnicznej oraz najlepszymi biurami konstrukcyjnymi<\/strong>. W przypadku, gdy teren bada\u0144 wymaga rzadkich oraz nietypowych rozwi\u0105za\u0144 kontaktujemy inwestor\u00f3w z odpowiednimi osobami, z kt\u00f3rymi wsp\u00f3\u0142pracujemy, maj\u0105c na uwadze poprawne wykonanie oraz bezpiecze\u0144stwo projektowanej inwestycji. W przypadku bada\u0144 geofizycznych szczeg\u00f3\u0142owo analizujemy obszar bada\u0144, bior\u0105c pod uwag\u0119 aspekt, czy istnieje mo\u017cliwo\u015b\u0107 poprawnego wykonania bada\u0144. Zdarzaj\u0105 si\u0119 przypadki, gdy nie ma mo\u017cliwo\u015bci poprawnego wykonania bada\u0144, dlatego w tych sytuacjach informujemy inwestor\u00f3w ograniczeniach w mo\u017cliwo\u015bci wykonania niekt\u00f3rych rozwi\u0105za\u0144.<\/p>\n<p>[\/tm_pb_text][\/tm_pb_column][tm_pb_column type=&#8221;1_3&#8243;][\/tm_pb_column][\/tm_pb_row][tm_pb_row admin_label=&#8221;Row&#8221; make_fullwidth=&#8221;off&#8221; use_custom_width=&#8221;off&#8221; use_grid_padding=&#8221;on&#8221; width_unit=&#8221;on&#8221; padding_mobile=&#8221;off&#8221; custom_margin=&#8221;50px|||&#8221; allow_player_pause=&#8221;off&#8221; parallax=&#8221;off&#8221; parallax_method=&#8221;off&#8221; make_equal=&#8221;off&#8221; parallax_1=&#8221;off&#8221; parallax_method_1=&#8221;off&#8221; vertical_alligment_1=&#8221;start&#8221; responsive_laptop_1=&#8221;inherit&#8221; responsive_tablet_1=&#8221;inherit&#8221; responsive_phone_1=&#8221;inherit&#8221; order_laptop_1=&#8221;1&#8243; order_tablet_1=&#8221;1&#8243; order_phone_1=&#8221;1&#8243; column_padding_mobile=&#8221;on&#8221;][tm_pb_column type=&#8221;4_4&#8243;][tm_pb_button admin_label=&#8221;Button&#8221; button_url=&#8221;\/kontakt&#8221; url_new_window=&#8221;on&#8221; button_text=&#8221;Dowiedz si\u0119 wi\u0119cej o GIS!&#8221; button_alignment=&#8221;left&#8221; custom_button=&#8221;on&#8221; button_letter_spacing=&#8221;0&#8243; button_use_icon=&#8221;default&#8221; button_icon_placement=&#8221;right&#8221; button_on_hover=&#8221;on&#8221; button_letter_spacing_hover=&#8221;0&#8243; button_text_size=&#8221;25&#8243;] [\/tm_pb_button][\/tm_pb_column][\/tm_pb_row][tm_pb_row admin_label=&#8221;Row&#8221;][\/tm_pb_row][\/tm_pb_section]<\/p>\n","protected":false},"excerpt":{"rendered":"<p>[tm_pb_section admin_label=&#8221;section&#8221;][tm_pb_row admin_label=&#8221;Row&#8221; make_fullwidth=&#8221;off&#8221; use_custom_width=&#8221;off&#8221; use_grid_padding=&#8221;on&#8221; width_unit=&#8221;on&#8221; padding_mobile=&#8221;off&#8221; custom_margin=&#8221;30px||50px|&#8221; allow_player_pause=&#8221;off&#8221; parallax=&#8221;off&#8221; parallax_method=&#8221;off&#8221; make_equal=&#8221;off&#8221; parallax_1=&#8221;off&#8221; parallax_method_1=&#8221;off&#8221; vertical_alligment_1=&#8221;start&#8221; responsive_laptop_1=&#8221;inherit&#8221; responsive_tablet_1=&#8221;inherit&#8221; responsive_phone_1=&#8221;inherit&#8221; order_laptop_1=&#8221;1&#8243; order_tablet_1=&#8221;1&#8243; order_phone_1=&#8221;1&#8243; column_padding_mobile=&#8221;on&#8221;][tm_pb_column type=&#8221;4_4&#8243;][tm_pb_text admin_label=&#8221;Text&#8221; text_orientation=&#8221;center&#8221; use_border_color=&#8221;off&#8221; border_color=&#8221;#ffffff&#8221; border_style=&#8221;solid&#8221;] Systemy informacji geograficznej [\/tm_pb_text][\/tm_pb_column][\/tm_pb_row][tm_pb_row admin_label=&#8221;row&#8221;][tm_pb_column type=&#8221;2_3&#8243;][tm_pb_text admin_label=&#8221;Text&#8221; text_orientation=&#8221;left&#8221; disabled=&#8221;off&#8221; disabled_on=&#8221;off|off|off|off&#8221; use_border_color=&#8221;off&#8221; border_color=&#8221;#ffffff&#8221; border_style=&#8221;solid&#8221;] Systemy Informacji Geograficznej \u2013 czym s\u0105, jaki maj\u0105 cel? System Informacji Geograficznej (GIS) [&hellip;]<\/p>\n","protected":false},"author":1,"featured_media":0,"parent":0,"menu_order":0,"comment_status":"closed","ping_status":"closed","template":"","meta":{"footnotes":""},"class_list":["post-938","page","type-page","status-publish","hentry"],"_links":{"self":[{"href":"https:\/\/sigmanto.com\/index.php\/wp-json\/wp\/v2\/pages\/938","targetHints":{"allow":["GET"]}}],"collection":[{"href":"https:\/\/sigmanto.com\/index.php\/wp-json\/wp\/v2\/pages"}],"about":[{"href":"https:\/\/sigmanto.com\/index.php\/wp-json\/wp\/v2\/types\/page"}],"author":[{"embeddable":true,"href":"https:\/\/sigmanto.com\/index.php\/wp-json\/wp\/v2\/users\/1"}],"replies":[{"embeddable":true,"href":"https:\/\/sigmanto.com\/index.php\/wp-json\/wp\/v2\/comments?post=938"}],"version-history":[{"count":1,"href":"https:\/\/sigmanto.com\/index.php\/wp-json\/wp\/v2\/pages\/938\/revisions"}],"predecessor-version":[{"id":1846,"href":"https:\/\/sigmanto.com\/index.php\/wp-json\/wp\/v2\/pages\/938\/revisions\/1846"}],"wp:attachment":[{"href":"https:\/\/sigmanto.com\/index.php\/wp-json\/wp\/v2\/media?parent=938"}],"curies":[{"name":"wp","href":"https:\/\/api.w.org\/{rel}","templated":true}]}}